{"id":1161,"date":"2014-05-13T11:53:35","date_gmt":"2014-05-13T09:53:35","guid":{"rendered":"http:\/\/vdala.fantasmo.se\/?page_id=1161"},"modified":"2022-11-09T17:42:53","modified_gmt":"2022-11-09T16:42:53","slug":"historia","status":"publish","type":"page","link":"https:\/\/staging.v-dala.se\/en\/about-the-nation\/historia\/","title":{"rendered":"History"},"content":{"rendered":"<table>\n<tbody>\n<tr>\n<td colspan=\"2\" valign=\"top\">Tradition dictates that nineteen laterally flapped countrymen saw the need to stick together, in a more or less organized fashion, in 1639 and &#8211; to that end &#8211; conceived of V\u00e4stmanlands and Dala landskap, today known as V\u00e4stmanlands-Dala Nation. The year can be questioned, as can their motivation, but this story has been etched upon the hearts of our members and has long been considered true by most. Here, the accessible and popular chronological succession has been employed for your convenience. Consider it enjoyable and relevant!<\/p>\n<p>&nbsp;<\/p>\n<p>1639<\/p>\n<ul>\n<li>Already dealt with! The foundation!\u00a0V-Dala creates its own treasury and bylaws. Anders Andersson from Sala and\u00a0Johan Otto from\u00a0Falun are appointed Curators &#8211; i.e. Treasurers. Academic enthusiasm regarding the nations is small, and the University outlaws them.<\/li>\n<\/ul>\n<p>1647<\/p>\n<ul>\n<li>The Curators decide to start keeping records.\u00a0Still luke-warm interest from the Academy regarding nations, which are still outlawed.<\/li>\n<\/ul>\n<p>1663<\/p>\n<ul>\n<li>Instead branding the nations as outlaws, the University decides to use them to keep the students in line, and thus professors Olof Rudbeck and Johan Sundell are appointed Inspectors of V-Dala.<\/li>\n<\/ul>\n<p>1667<\/p>\n<ul>\n<li>Academic insight into the greatness of the idea of using the nations &#8211; membership in V-Dala is made compulsory for all students from its homelands.<\/li>\n<\/ul>\n<p>1680<\/p>\n<ul>\n<li>The first history of V-Dala, Annales societatis Nationalis Studiosorum et Westmannia Dalekarliaque Upsaliae degentium, is published.<\/li>\n<\/ul>\n<p>1692<\/p>\n<ul>\n<li>The Nation decides to start taking notes during Landskap meetings.<\/li>\n<\/ul>\n<p>1694<\/p>\n<ul>\n<li>The Nation&#8217;s last major feast before the drudge and dreariness of the 18th century.<\/li>\n<\/ul>\n<p>1695<\/p>\n<ul>\n<li>To create some form of regular feast-less entertainment, the Nation starts hosting academically connected orations and thesis defenses\u00a0which came to dominate nation life for the next 200 years.<\/li>\n<\/ul>\n<p>1703<\/p>\n<ul>\n<li>Margareta Tersera donates funds for the Nation&#8217;s first scholarship.<\/li>\n<\/ul>\n<p>1714<\/p>\n<ul>\n<li>His Majesty&#8217;s Governor in the province of V\u00e4stmanland, baron Ludvig &#8220;generous Ludvig&#8221; Fahlstr\u00f6m, donates a load of books to the Nation. Today, these books are considered the foundation of the Nation&#8217;s library.<\/li>\n<\/ul>\n<p>1748<\/p>\n<ul>\n<li>The Nation abolishes the earlier rule that younger members must wait on the older. To compensate for the subsequent lack of manpower a &#8220;landskapsgosse&#8221; is hired.<\/li>\n<\/ul>\n<p>1754<\/p>\n<ul>\n<li>The Nation quickly adapts to present circumstances and hires a caretaker to replace the &#8220;landskapsgosse&#8221;.<\/li>\n<\/ul>\n<p>1761<\/p>\n<ul>\n<li>Senior members Gustav Anton Boudrie, Olof Rabenius and Per Niklas Christiernin are honored by the Nation with continued membership, which is thought to be the foundation of the Nation&#8217;s honorary membership.<\/li>\n<\/ul>\n<p>1785<\/p>\n<ul>\n<li>Gustav Adolf Schilling is appointed caretaker of the library, and is now said to be the first Librarian.<\/li>\n<\/ul>\n<p>1816<\/p>\n<ul>\n<li>The Nation decides to only appoint one Curator at a time.<\/li>\n<\/ul>\n<p>1823<\/p>\n<ul>\n<li>The Nation feels that an organisation\u00a0of its dignity and with such a magnificent library should have its own house, and therefore starts a building foundation.<\/li>\n<\/ul>\n<p>1824<\/p>\n<ul>\n<li>The Nation realizes that its affairs should be in better order, especially with the building foundation to look after, and organizes a building committee.<\/li>\n<\/ul>\n<p>1826<\/p>\n<ul>\n<li>The Nation acquires Lutg\u00e5rden from Uplands Nation at a cost of 633 riksdaler 16 skilling banco. As Lutg\u00e5rden was a bog, we are said to have been tricked &#8211; starting the feud with the Uplanders.<\/li>\n<\/ul>\n<p>1831<\/p>\n<ul>\n<li>The new Nation house in Lutg\u00e5rden is inaugurated with feasting et rejoicing.<\/li>\n<\/ul>\n<p>1832<\/p>\n<ul>\n<li>Mrs. The Lord Steward of the Royal Household\u00a0Montgomery of Eker\u00f6 donates a giant portrait of the Duke of V\u00e4stmanland to commemorate the 200th anniversary of his death. The painting quickly became, and still is, something of a graphical profile for the Nation.<\/li>\n<\/ul>\n<p>1837<\/p>\n<ul>\n<li>Countryman Johan Olof Wallin is appointed archbishop of the Realm. The Nation&#8217;s residential poet Carl Wilhelm honors the prelate with a poem. Wallin is so touched that he pens Westmanno-Dala s\u00e5ng, whichis our national anthem to this day, and also initiates the tradition of having a ceremonial landskap every year by donating the first grant.<\/li>\n<\/ul>\n<p>1840<\/p>\n<ul>\n<li>The Nation realizes that an organisation of its dignity and grace &#8211; with its own town house &#8211; should have a chairman and a treasurer instead of vesting both offices in one person. Thus, Curatorship was split in two, creating the First and Second Curators&#8217; offices.<\/li>\n<\/ul>\n<p>1843<\/p>\n<ul>\n<li>The Nation receives its first banner.<\/li>\n<\/ul>\n<p>1855<\/p>\n<ul>\n<li>The Nation decides to better organize its parties, creates club-bylaws and appoints members Tengman and Nordeman its first Club masters.<\/li>\n<\/ul>\n<p>1857<\/p>\n<ul>\n<li>The Library commission, later the Library committee, is formed, and assumes the Senior members&#8217; college&#8217;s responsibility of purchasing books.<\/li>\n<\/ul>\n<p>1866<\/p>\n<ul>\n<li>Dalpelle is launched.<\/li>\n<\/ul>\n<p>1869<\/p>\n<ul>\n<li>New bylaws are passed, abolishing the mandatory orations and thesis defenses, and the building committee, with new and greater responsibilities, is renamed the Maintenance committee.<\/li>\n<\/ul>\n<p>1870<\/p>\n<ul>\n<li>The Nation&#8217;s first singing tour of the homelands to gather funds for the upkeep of the Nation house.<\/li>\n<\/ul>\n<p>1873<\/p>\n<ul>\n<li>The Landsm\u00e5l association.<\/li>\n<\/ul>\n<p>1883<\/p>\n<ul>\n<li>The heirs of honorary members Hans and Carl Thomas J\u00e4rta donate large portions of the illustrious gentlemen&#8217;s private libraries to the Nation, which has contributed greatly to the Library&#8217;s good standing in the world of libraries.<\/li>\n<\/ul>\n<p>1888<\/p>\n<ul>\n<li>Lilly Bergstrand and Lydia Wahlst\u00f6m are the Nation&#8217;s first female members.<\/li>\n<\/ul>\n<p>1890<\/p>\n<ul>\n<li>It is discovered that the Nation tomb is almost full, wherefore a new plot is acquired and a monument is erected at the old one.<\/li>\n<\/ul>\n<p>1898<\/p>\n<ul>\n<li>Inspector Wilhelm Erik Svedelius is laid to rest in the in the new Nation tomb, which is decorated with a huge monument topped with a bust of Svedelius.<\/li>\n<\/ul>\n<p>1906<\/p>\n<ul>\n<li>The National portrait gallery is published for the first time.<\/li>\n<\/ul>\n<p>1908<\/p>\n<ul>\n<li>Carl Larsson donates the concept art for his fresco &#8220;Gustaf Wasa entering Stockholm&#8221; to the Nation.<\/li>\n<\/ul>\n<p>1912<\/p>\n<ul>\n<li>The Nation conducts its first spex tour of the homelands, the programme includes &#8220;Erik XIV&#8221; and &#8220;Cleopatra&#8221;.<\/li>\n<\/ul>\n<p>1915<\/p>\n<ul>\n<li>The Nation house is inaugurated after major rebuilding. A festschrift is published commemorating the occasion.<\/li>\n<\/ul>\n<p>1920<\/p>\n<ul>\n<li>Honorary member Anders Zorn finds it unpleasant that Uplanders can see him from their garden whenever nature calls, and donates funds for a wall to be built around Lutg\u00e5rden.<\/li>\n<\/ul>\n<p>1921<\/p>\n<ul>\n<li>The Nation publishes its first song book.<\/li>\n<\/ul>\n<p>1922<\/p>\n<ul>\n<li>The Nation believes that the organisation must be expanded to cope with the demands of maintenance, and thus, Rudolf Andersson is elected the Nation&#8217;s first Treasurer.<\/li>\n<\/ul>\n<p>1924<\/p>\n<ul>\n<li>The Preparatory commission is constituted.<\/li>\n<\/ul>\n<p>1928<\/p>\n<ul>\n<li>Certain alumni cause the first part of the Nation&#8217;s chronicle to be published.<\/li>\n<li>As the Nation&#8217;s parties need further guidance, the first Club hostess\u00a0is elected.<\/li>\n<\/ul>\n<p>1930<\/p>\n<ul>\n<li>Premiere of the spex &#8220;Frithiof och Ingeborg&#8221;<\/li>\n<\/ul>\n<p>1931<\/p>\n<ul>\n<li>Inauguration of Nils Sj\u00f6gren&#8217;s statue depicting Finn Malmgren.<\/li>\n<\/ul>\n<p>1945<\/p>\n<ul>\n<li>Delayed by six years by the war, the Nation celebrates its 300th anniversary in Uppsala castle&#8217;s great hall.<\/li>\n<\/ul>\n<p>1949<\/p>\n<ul>\n<li>The Nation has no further need for committees for every foreign university from which exchange students arrive, and institutes the International association, later known as the International committee.<\/li>\n<\/ul>\n<p>1951<\/p>\n<ul>\n<li>The V\u00e4stmanlands-Dala Nation Student Home foundation is instituted. It acquires two lots on \u00d6vre Slottsgatan, but the municipal building committee refuses to grant building permits.<\/li>\n<\/ul>\n<p>1956<\/p>\n<ul>\n<li>The first public debate regarding the Nation&#8217;s crisis. The Nation will purchase a television apparatus to attract new members. To finance this contraption, an unusual party will be held &#8211; Stora St\u00f6ten &#8211; where a slide borrowed from the municipal parks department replaces the entrance. Dancing in the great hall is so vigorous as to melt the varnish on the painting of Gustav II Adolf, which needs to be sent for restoration. Instead of buying a TV, the Nation donates the proceeds from the party to Hungarian refugees. Later, a TV is purchased with funds acquired by more conventional means.<\/li>\n<\/ul>\n<p>1959<\/p>\n<ul>\n<li>The Nation&#8217;s first residential area, Triangeln, is inaugurated.<\/li>\n<\/ul>\n<p>1960<\/p>\n<ul>\n<li>Anders H Pers is elected the Nation&#8217;s first editor, and begins publishing Landskapsposten.<\/li>\n<li>On H\u00e5kan Gezelii initiative ab Kruthornen is founded.<\/li>\n<\/ul>\n<p>1961<\/p>\n<ul>\n<li>Premiere of the spex &#8220;Gustaf den Adolf&#8221;<\/li>\n<li>Alvar Aalto is asked to design the new Nation House.<\/li>\n<li>The Svartmangatan housing complex is inaugurated.<\/li>\n<li>The Nation string band, now the Folk music group, is founded.<\/li>\n<\/ul>\n<p>See Alvar Aalto talk about the new Nation house in 1964 here\u00a0(on SVTplay)<\/p>\n<ul>\n<li>Demolition of the old Nation house is started on April 6th.<\/li>\n<li>The Nation throws a topping out-party at Sm\u00e5lands Nation on November 19th.<\/li>\n<\/ul>\n<p>1965<\/p>\n<ul>\n<li>Curt Nystr\u00f6m is elected the first Bar master as the new Nation house is inaugurated on September 3rd.<\/li>\n<\/ul>\n<p>1967<\/p>\n<ul>\n<li>Foundation of Letta Gardet.<\/li>\n<\/ul>\n<p>1968<\/p>\n<ul>\n<li>A Nation Rally is conducted for the first time.<\/li>\n<\/ul>\n<p>1971<\/p>\n<ul>\n<li>Lo and behold, V-Dala was bequeathed Ofvandahls in a time when its income was meager &#8211; as a Providential gift or a kringle from Heaven &#8211; we&#8217;ve sold it now but it was fun while it lasted.<\/li>\n<\/ul>\n<p>1972<\/p>\n<ul>\n<li>V-Dala salongsk\u00f6r,\u00a0later known as the V-Dala Choir, is started.<\/li>\n<\/ul>\n<p>1975<\/p>\n<ul>\n<li>For economic reasons, the Nation is forced to reorganize. The bylaws are abolished, a hired excecutive director &#8211; later the Economy and property manager &#8211; replaces the Second Curator as keeper of funds and keys, making the Second Curator head of entertainment, the Club master is replaced by a Third Curator and the Librarian no longer draws a full-time salary.<\/li>\n<\/ul>\n<p>1976<\/p>\n<ul>\n<li>The Nation is back on its feet after its worst economic crisis ever.<\/li>\n<\/ul>\n<p>1978<\/p>\n<ul>\n<li>New bylaws are created on May 16th, written by former First Curator Bo Aulin, in which the Nation&#8217;s present-day organization with a board, commissions and committees is defined. The Third Curator reverts to being titled Club master and the Second Curator&#8217;s responsibility for the so-called program activities &#8211; i.e. entertainment in general at the Nation &#8211; is well defined.<\/li>\n<\/ul>\n<p>1980-1981<\/p>\n<ul>\n<li>The open colonnade under the Nation house is walled in to allow for new tenants.<\/li>\n<\/ul>\n<p>1989<\/p>\n<ul>\n<li>The Nation&#8217;s 350th anniversary is celebrated with a ball at the castle and a celebratory performance of &#8220;Gustav den Adolf&#8221;.<\/li>\n<\/ul>\n<p>1990<\/p>\n<ul>\n<li>Two countrymen hoist the V-Dala banner in the Uplanders&#8217; flagpole.<\/li>\n<\/ul>\n<p>1991<\/p>\n<ul>\n<li>The Culture Club is started.<\/li>\n<\/ul>\n<p>1993<\/p>\n<ul>\n<li>The Nation&#8217;s summer restaurant Taket is inaugurated on the new rooftop terrace.<\/li>\n<li>The Housing foundation starts renting buildings on D\u00f6belnsgatan from the County council.<\/li>\n<\/ul>\n<p>1995<\/p>\n<ul>\n<li>Summer council in Idre with a subsequent march &#8211; known as the V-Dala march &#8211; to Uppsala. As a consequence of the march, the Harald Riesenfeld fund for restoration of the Nation house becomes popular among municipalities, counties and corporations in the homelands.<\/li>\n<\/ul>\n<p>1996<\/p>\n<ul>\n<li>The Nation&#8217;s PR-work is reorganized; our website is launched and the office of Information secretary is created \u00a0&#8211; with Gustaf Brandberg as first incumben<\/li>\n<\/ul>\n<p>2011<\/p>\n<ul>\n<li>\n<pre id=\"tw-target-text\" class=\"tw-data-text tw-text-large XcVN5d tw-ta\" dir=\"ltr\" data-placeholder=\"\u00d6vers\u00e4ttning\"><span class=\"Y2IQFc\" lang=\"en\">The nation begins with lunch service on weekdays and a lunch manager is chosen by the landskap.<\/span><\/pre>\n<\/li>\n<\/ul>\n<\/td>\n<\/tr>\n<\/tbody>\n<\/table>\n","protected":false},"excerpt":{"rendered":"Tradition dictates that nineteen laterally flapped countrymen saw the need to stick together, in a more or less organized fashion, in 1639 and &#8211; to that end &#8211; conceived of V\u00e4stmanlands and Dala landskap, today known as V\u00e4stmanlands-Dala Nation. The year can be questioned, as can their motivation, but this story has been etched upon&#8230;","protected":false},"author":6,"featured_media":0,"parent":55,"menu_order":0,"comment_status":"open","ping_status":"open","template":"","meta":{"footnotes":""},"acf":[],"yoast_head":"<!-- This site is optimized with the Yoast SEO plugin v21.4 - https:\/\/yoast.com\/wordpress\/plugins\/seo\/ -->\n<title>History - V-Dala nation<\/title>\n<meta name=\"robots\" content=\"noindex, follow, max-snippet:-1, max-image-preview:large, max-video-preview:-1\" \/>\n<meta property=\"og:locale\" content=\"en_US\" \/>\n<meta property=\"og:type\" content=\"article\" \/>\n<meta property=\"og:title\" content=\"History - V-Dala nation\" \/>\n<meta property=\"og:url\" content=\"https:\/\/staging.v-dala.se\/en\/about-the-nation\/historia\/\" \/>\n<meta property=\"og:site_name\" content=\"V-Dala nation\" \/>\n<meta property=\"article:publisher\" content=\"https:\/\/www.facebook.com\/VDala\/\" \/>\n<meta property=\"article:modified_time\" content=\"2022-11-09T16:42:53+00:00\" \/>\n<meta name=\"twitter:card\" content=\"summary_large_image\" \/>\n<meta name=\"twitter:site\" content=\"@vdala\" \/>\n<meta name=\"twitter:label1\" content=\"Est. reading time\" \/>\n\t<meta name=\"twitter:data1\" content=\"9 minutes\" \/>\n<script type=\"application\/ld+json\" class=\"yoast-schema-graph\">{\"@context\":\"https:\/\/schema.org\",\"@graph\":[{\"@type\":\"WebPage\",\"@id\":\"https:\/\/staging.v-dala.se\/en\/about-the-nation\/historia\/\",\"url\":\"https:\/\/staging.v-dala.se\/en\/about-the-nation\/historia\/\",\"name\":\"History - V-Dala nation\",\"isPartOf\":{\"@id\":\"https:\/\/staging.v-dala.se\/en\/#website\"},\"datePublished\":\"2014-05-13T09:53:35+00:00\",\"dateModified\":\"2022-11-09T16:42:53+00:00\",\"breadcrumb\":{\"@id\":\"https:\/\/staging.v-dala.se\/en\/about-the-nation\/historia\/#breadcrumb\"},\"inLanguage\":\"en-US\",\"potentialAction\":[{\"@type\":\"ReadAction\",\"target\":[\"https:\/\/staging.v-dala.se\/en\/about-the-nation\/historia\/\"]}]},{\"@type\":\"BreadcrumbList\",\"@id\":\"https:\/\/staging.v-dala.se\/en\/about-the-nation\/historia\/#breadcrumb\",\"itemListElement\":[{\"@type\":\"ListItem\",\"position\":1,\"name\":\"Hem\",\"item\":\"https:\/\/staging.v-dala.se\/en\/\"},{\"@type\":\"ListItem\",\"position\":2,\"name\":\"About the Nation\",\"item\":\"https:\/\/staging.v-dala.se\/en\/about-the-nation\/\"},{\"@type\":\"ListItem\",\"position\":3,\"name\":\"History\"}]},{\"@type\":\"WebSite\",\"@id\":\"https:\/\/staging.v-dala.se\/en\/#website\",\"url\":\"https:\/\/staging.v-dala.se\/en\/\",\"name\":\"V-Dala nation\",\"description\":\"V\u00e4stmanlands-Dala Nation f\u00f6r Studenternas Nytta och N\u00f6je - sedan 1639\",\"potentialAction\":[{\"@type\":\"SearchAction\",\"target\":{\"@type\":\"EntryPoint\",\"urlTemplate\":\"https:\/\/staging.v-dala.se\/en\/?s={search_term_string}\"},\"query-input\":\"required name=search_term_string\"}],\"inLanguage\":\"en-US\"}]}<\/script>\n<!-- \/ Yoast SEO plugin. -->","yoast_head_json":{"title":"History - V-Dala nation","robots":{"index":"noindex","follow":"follow","max-snippet":"max-snippet:-1","max-image-preview":"max-image-preview:large","max-video-preview":"max-video-preview:-1"},"og_locale":"en_US","og_type":"article","og_title":"History - V-Dala nation","og_url":"https:\/\/staging.v-dala.se\/en\/about-the-nation\/historia\/","og_site_name":"V-Dala nation","article_publisher":"https:\/\/www.facebook.com\/VDala\/","article_modified_time":"2022-11-09T16:42:53+00:00","twitter_card":"summary_large_image","twitter_site":"@vdala","twitter_misc":{"Est. reading time":"9 minutes"},"schema":{"@context":"https:\/\/schema.org","@graph":[{"@type":"WebPage","@id":"https:\/\/staging.v-dala.se\/en\/about-the-nation\/historia\/","url":"https:\/\/staging.v-dala.se\/en\/about-the-nation\/historia\/","name":"History - V-Dala nation","isPartOf":{"@id":"https:\/\/staging.v-dala.se\/en\/#website"},"datePublished":"2014-05-13T09:53:35+00:00","dateModified":"2022-11-09T16:42:53+00:00","breadcrumb":{"@id":"https:\/\/staging.v-dala.se\/en\/about-the-nation\/historia\/#breadcrumb"},"inLanguage":"en-US","potentialAction":[{"@type":"ReadAction","target":["https:\/\/staging.v-dala.se\/en\/about-the-nation\/historia\/"]}]},{"@type":"BreadcrumbList","@id":"https:\/\/staging.v-dala.se\/en\/about-the-nation\/historia\/#breadcrumb","itemListElement":[{"@type":"ListItem","position":1,"name":"Hem","item":"https:\/\/staging.v-dala.se\/en\/"},{"@type":"ListItem","position":2,"name":"About the Nation","item":"https:\/\/staging.v-dala.se\/en\/about-the-nation\/"},{"@type":"ListItem","position":3,"name":"History"}]},{"@type":"WebSite","@id":"https:\/\/staging.v-dala.se\/en\/#website","url":"https:\/\/staging.v-dala.se\/en\/","name":"V-Dala nation","description":"V\u00e4stmanlands-Dala Nation f\u00f6r Studenternas Nytta och N\u00f6je - sedan 1639","potentialAction":[{"@type":"SearchAction","target":{"@type":"EntryPoint","urlTemplate":"https:\/\/staging.v-dala.se\/en\/?s={search_term_string}"},"query-input":"required name=search_term_string"}],"inLanguage":"en-US"}]}},"_links":{"self":[{"href":"https:\/\/staging.v-dala.se\/en\/wp-json\/wp\/v2\/pages\/1161"}],"collection":[{"href":"https:\/\/staging.v-dala.se\/en\/wp-json\/wp\/v2\/pages"}],"about":[{"href":"https:\/\/staging.v-dala.se\/en\/wp-json\/wp\/v2\/types\/page"}],"author":[{"embeddable":true,"href":"https:\/\/staging.v-dala.se\/en\/wp-json\/wp\/v2\/users\/6"}],"replies":[{"embeddable":true,"href":"https:\/\/staging.v-dala.se\/en\/wp-json\/wp\/v2\/comments?post=1161"}],"version-history":[{"count":17,"href":"https:\/\/staging.v-dala.se\/en\/wp-json\/wp\/v2\/pages\/1161\/revisions"}],"predecessor-version":[{"id":31899,"href":"https:\/\/staging.v-dala.se\/en\/wp-json\/wp\/v2\/pages\/1161\/revisions\/31899"}],"up":[{"embeddable":true,"href":"https:\/\/staging.v-dala.se\/en\/wp-json\/wp\/v2\/pages\/55"}],"wp:attachment":[{"href":"https:\/\/staging.v-dala.se\/en\/wp-json\/wp\/v2\/media?parent=1161"}],"curies":[{"name":"wp","href":"https:\/\/api.w.org\/{rel}","templated":true}]}}