{"id":1231,"date":"2014-05-12T17:14:42","date_gmt":"2014-05-12T15:14:42","guid":{"rendered":"http:\/\/vdala.fantasmo.se\/formaner\/stipendier\/"},"modified":"2025-09-11T14:03:25","modified_gmt":"2025-09-11T13:03:25","slug":"scholarships","status":"publish","type":"page","link":"https:\/\/staging.v-dala.se\/en\/benefits\/scholarships\/","title":{"rendered":"Scholarships"},"content":{"rendered":"<p style=\"color: #4f4f4f;\">Both the University and the Nation administer\u00a0large numbers of scholarships aimed at aiding members of V\u00e4stmanlands-Dala Nation financially. The scholarships are announced &#8211; that is, open for applications &#8211; four times per year. Keep your eyes open both here, in Landskapsposten and on the Nation&#8217;s billboard!<\/p>\n<h3>Scholarship announcement autumn semester 2025.<\/h3>\n<p>&nbsp;<\/p>\n<p><strong>Hereby the following nation scholarships are announced for autumn 2025.<\/strong><\/p>\n<p>The scholarships will be announced later in the semester. They will be announced here and on the nation&#8217;s bulletin boards.\u00a0<\/p>\n<p>Please <a title=\"Contact\" href=\"http:\/\/www.v-dala.se\/en\/contacts\/\">contact the First Curator<\/a> for more information. For information regarding collection of scholarship funds, please <a href=\"https:\/\/www.v-dala.se\/en\/contacts\/\">contact the deputy Treasurer<\/a>.<\/p>\n<p>__________________________________<\/p>\n<p>&nbsp;<\/p>\n<p>The Nation\u2019s <a href=\"https:\/\/www.v-dala.se\/kontakt\/\">First Curator<\/a>\u00a0is in charge of question regarding the nation\u2019s scholarship. For questions regarding scholarship payments, please contact the <a href=\"https:\/\/www.v-dala.se\/kontakt\/\">Nation\u2019s deputy treasurer<\/a>. <strong>How do I apply for scholarships?<\/strong> Scholarships administered by the University are applied to according to\u00a0<a href=\"http:\/\/www.uu.se\/en\/admissions\/scholarships\/\">the University\u2019s scholarship office\u2019s<\/a> instructions. The Nation\u2019s scholarships are applied to by handing in a correctly filled in\u00a0scholarship application form\u00a0with the right enclosures to the Nation\u2019s First Curator. If the application is handed in when the office is not open (e.g in the letterbox outside the Curators\u2019 office or by post), mark the envelope with the application \u201cFirst Curator, Scholarship application\u201d. Incomplete applications, or wrongly filled out applications will not be taking into consideration. <strong>What is to be enclosed to the scholarship application?<\/strong><\/p>\n<ul>\n<li><a href=\"https:\/\/www.v-dala.se\/wp-content\/uploads\/2014\/05\/Stipendieblankettengelska.pdf\">The scholarship application form<\/a><\/li>\n<li><a href=\"https:\/\/www.v-dala.se\/wp-content\/uploads\/2014\/05\/sj%C3%A4lvdeklarationengelska.docx\">Confidential self-declaration form<\/a><\/li>\n<li>Certificate of study results from Ladok<\/li>\n<li>Certificate of registration for the current semester from Ladok or your institution at the university. Print screens from an admission website are not valid as a certificate for your scholarship application.<\/li>\n<li>Confirmation of payment for this semester\u2019s nation fee (ex. A copy of your nation card or a temporary nation card)<\/li>\n<li>Copy of a valid photo-ID<\/li>\n<\/ul>\n<p>For some scholarships it is necessary to enclose more enclosures to your scholarship application:<\/p>\n<ul>\n<li>Proof of kinship can be proved with a family tree that is drawn by yourself and is attested by two people with name and telephone number.<\/li>\n<li>Proof that you\u2019ve attended a specific high school (gymnasium) can be proved by enclosing a copy of your upper secondary school final grades.<\/li>\n<li>Proof that you\u2019ve lived at a certain place for a certain amount of time can be proven by enclosing a birth certificate or a membership certificate from Svenska kyrkan.<\/li>\n<\/ul>\n<p>If you\u2019re missing the correct or necessary enclosures your application will not be taken into consideration. If special reasons doesn\u2019t occur, you will not be able to complement your scholarship application after the application deadline. <strong>Attestation<\/strong> All enclosures that are copies should be attested by two people with name, signature and phone numbers. Attestation should be written on all pages of an enclosure to prove the document\u2019s validity. If an enclosure has a control code or an original signature (ex. Study results with a control code from Ladok), attestation is not needed. Incorrect information in the application may result in the repayment of grants and in some cases criminal liability.<\/p>\n<p>&nbsp;<\/p>\n<p><strong>How do I monitor my scholarship? <\/strong> If you\u2019ve been granted a scholarship from the nation it is necessary to monitor your scholarship each semester, to be able to keep the scholarships for more semesters than one. How long you can monitor your scholarship is stated in the announcement of the scholarship. If you don\u2019t monitor your scholarship, it will be re-announced. The monitoring of your scholarship should be left with the Nation\u2019s First Curator at the latest <strong>15<sup>th<\/sup> of February<\/strong> in the spring and <strong>15<sup>th<\/sup> of September<\/strong> in the fall.<\/p>\n<p><strong>To monitor your scholarship you hand in the following forms and enclosures: <\/strong><\/p>\n<ul>\n<li><a href=\"https:\/\/www.v-dala.se\/wp-content\/uploads\/2014\/05\/bevakningsblankettengelska.docx\">Statement of scholarship eligibility<\/a><\/li>\n<li><a href=\"https:\/\/www.v-dala.se\/wp-content\/uploads\/2014\/05\/sj%C3%A4lvdeklarationengelska.docx\">Confidential self-declaration<\/a><\/li>\n<li>Certificate of study results from the previous semester from Ladok<\/li>\n<li>Certificate of registration for the current semester from Ladok or your institution at the university. Print screens from an admission website are not valid as a certificate of registration.<\/li>\n<li>Confirmation of payment for this semester\u2019s nation fee (ex. A copy of your nation card or a temporary nation card)<\/li>\n<li>Copy of a valid photo-ID<\/li>\n<\/ul>\n<p>The same rules for attestation apply for monitoring of a scholarship as for the application for a scholarship. If special reasons doesn\u2019t occur, you will not be able to complement your monitoring application after the application deadline.<\/p>\n<p><strong>What amount is my scholarship?<\/strong> The amount can in general be found in the announcement. Information about the profit from scholarships and funds administered by the University can be found on the home page of <a href=\"https:\/\/www.uaf.se\/en\/\">Uppsala akademif\u00f6rvaltning<\/a>. For information about the current amount of the scholarships and funds administered by the Nation you can contact <a href=\"https:\/\/www.v-dala.se\/en\/contacts\/\">First Curator <\/a>or <a href=\"https:\/\/www.v-dala.se\/en\/contacts\/\">Assistant Treasurer<\/a>.<\/p>\n<p><strong>When do I receive the money?<\/strong> Payment of rewards and scholarships administered by the Nation is managed by the Nation\u2019s Assistant Treasurer. Usually, payment of both monitored and newly awarded scholarships is done within a month after the awarding occassion. The Scholarship committee usually makes decisions concerning scholarship monitoring in October (fall) and March (spring) and concerning scholarship applications in November December (autumn term) and May (spring term). Payments of scholarships administered by the University is managed by the University\u2019s scholarship office and it can provide further information concerning dates. Usually the awarding decisions are done in December (fall) and May (spring).<\/p>\n<p><strong>How many scholarships can I hold at the same time?<\/strong> A maximum of two scholarships administered by the Nation can be held at the same time. If you are awarded more than two you must choose to renounce one of them. This choice can for example depend on the length of the scholarship or amount, which may cause you to prefer one scholarship to another one. The renounced sholarship will be awarded another applicant, if any, or is anounced next term as an extra scholarship (lump sum). The University\u2019s scholarship office applies a scholarship cap, i.e. a maximum sum per term. On the scholarship office\u2019s web page more information about the scholarship cap can be found.<\/p>\n<p><strong>Which scholarships are available?<\/strong> Nation scholarships administered by the University or by the Nation that can be applied for are listed in\u00a0<a href=\"https:\/\/www.v-dala.se\/wp-content\/uploads\/2014\/05\/V-Dala_Stipendiehandbok.pdf\">Stipendiehandboken<\/a>\u00a0(\u201cThe scholarship handbook\u201d, not available in English yet). Questions regarding Nation scholarships are answered by the <a href=\"https:\/\/www.v-dala.se\/en\/contacts\/\">Nation\u2019s First Curator<\/a>]. Moreover there are a number of scholarships with conncetion to V\u00e4stmanlands-Dala Nation and V\u00e4stmanland and\/or Dalarna that are listed in the handbook. If you know of more scholarships with connection to the Nation and V\u00e4stmanland and\/or Dalarna you are welcome to inform us so that we can complete our handbook.<\/p>\n","protected":false},"excerpt":{"rendered":"Both the University and the Nation administer\u00a0large numbers of scholarships aimed at aiding members of V\u00e4stmanlands-Dala Nation financially. The scholarships are announced &#8211; that is, open for applications &#8211; four times per year. Keep your eyes open both here, in Landskapsposten and on the Nation&#8217;s billboard! Scholarship announcement autumn semester 2025. &nbsp; Hereby the following&#8230;","protected":false},"author":7,"featured_media":0,"parent":1219,"menu_order":0,"comment_status":"open","ping_status":"open","template":"","meta":{"footnotes":""},"acf":[],"yoast_head":"<!-- This site is optimized with the Yoast SEO plugin v21.4 - https:\/\/yoast.com\/wordpress\/plugins\/seo\/ -->\n<title>Scholarships - V-Dala nation<\/title>\n<meta name=\"robots\" content=\"noindex, follow, max-snippet:-1, max-image-preview:large, max-video-preview:-1\" \/>\n<meta property=\"og:locale\" content=\"en_US\" \/>\n<meta property=\"og:type\" content=\"article\" \/>\n<meta property=\"og:title\" content=\"Scholarships - V-Dala nation\" \/>\n<meta property=\"og:url\" content=\"https:\/\/staging.v-dala.se\/en\/benefits\/scholarships\/\" \/>\n<meta property=\"og:site_name\" content=\"V-Dala nation\" \/>\n<meta property=\"article:publisher\" content=\"https:\/\/www.facebook.com\/VDala\/\" \/>\n<meta property=\"article:modified_time\" content=\"2025-09-11T13:03:25+00:00\" \/>\n<meta name=\"twitter:card\" content=\"summary_large_image\" \/>\n<meta name=\"twitter:site\" content=\"@vdala\" \/>\n<meta name=\"twitter:label1\" content=\"Est. reading time\" \/>\n\t<meta name=\"twitter:data1\" content=\"6 minutes\" \/>\n<script type=\"application\/ld+json\" class=\"yoast-schema-graph\">{\"@context\":\"https:\/\/schema.org\",\"@graph\":[{\"@type\":\"WebPage\",\"@id\":\"https:\/\/staging.v-dala.se\/en\/benefits\/scholarships\/\",\"url\":\"https:\/\/staging.v-dala.se\/en\/benefits\/scholarships\/\",\"name\":\"Scholarships - V-Dala nation\",\"isPartOf\":{\"@id\":\"https:\/\/staging.v-dala.se\/en\/#website\"},\"datePublished\":\"2014-05-12T15:14:42+00:00\",\"dateModified\":\"2025-09-11T13:03:25+00:00\",\"breadcrumb\":{\"@id\":\"https:\/\/staging.v-dala.se\/en\/benefits\/scholarships\/#breadcrumb\"},\"inLanguage\":\"en-US\",\"potentialAction\":[{\"@type\":\"ReadAction\",\"target\":[\"https:\/\/staging.v-dala.se\/en\/benefits\/scholarships\/\"]}]},{\"@type\":\"BreadcrumbList\",\"@id\":\"https:\/\/staging.v-dala.se\/en\/benefits\/scholarships\/#breadcrumb\",\"itemListElement\":[{\"@type\":\"ListItem\",\"position\":1,\"name\":\"Hem\",\"item\":\"https:\/\/staging.v-dala.se\/en\/\"},{\"@type\":\"ListItem\",\"position\":2,\"name\":\"Benefits\",\"item\":\"https:\/\/staging.v-dala.se\/en\/benefits\/\"},{\"@type\":\"ListItem\",\"position\":3,\"name\":\"Scholarships\"}]},{\"@type\":\"WebSite\",\"@id\":\"https:\/\/staging.v-dala.se\/en\/#website\",\"url\":\"https:\/\/staging.v-dala.se\/en\/\",\"name\":\"V-Dala nation\",\"description\":\"V\u00e4stmanlands-Dala Nation f\u00f6r Studenternas Nytta och N\u00f6je - sedan 1639\",\"potentialAction\":[{\"@type\":\"SearchAction\",\"target\":{\"@type\":\"EntryPoint\",\"urlTemplate\":\"https:\/\/staging.v-dala.se\/en\/?s={search_term_string}\"},\"query-input\":\"required name=search_term_string\"}],\"inLanguage\":\"en-US\"}]}<\/script>\n<!-- \/ Yoast SEO plugin. -->","yoast_head_json":{"title":"Scholarships - V-Dala nation","robots":{"index":"noindex","follow":"follow","max-snippet":"max-snippet:-1","max-image-preview":"max-image-preview:large","max-video-preview":"max-video-preview:-1"},"og_locale":"en_US","og_type":"article","og_title":"Scholarships - V-Dala nation","og_url":"https:\/\/staging.v-dala.se\/en\/benefits\/scholarships\/","og_site_name":"V-Dala nation","article_publisher":"https:\/\/www.facebook.com\/VDala\/","article_modified_time":"2025-09-11T13:03:25+00:00","twitter_card":"summary_large_image","twitter_site":"@vdala","twitter_misc":{"Est. reading time":"6 minutes"},"schema":{"@context":"https:\/\/schema.org","@graph":[{"@type":"WebPage","@id":"https:\/\/staging.v-dala.se\/en\/benefits\/scholarships\/","url":"https:\/\/staging.v-dala.se\/en\/benefits\/scholarships\/","name":"Scholarships - V-Dala nation","isPartOf":{"@id":"https:\/\/staging.v-dala.se\/en\/#website"},"datePublished":"2014-05-12T15:14:42+00:00","dateModified":"2025-09-11T13:03:25+00:00","breadcrumb":{"@id":"https:\/\/staging.v-dala.se\/en\/benefits\/scholarships\/#breadcrumb"},"inLanguage":"en-US","potentialAction":[{"@type":"ReadAction","target":["https:\/\/staging.v-dala.se\/en\/benefits\/scholarships\/"]}]},{"@type":"BreadcrumbList","@id":"https:\/\/staging.v-dala.se\/en\/benefits\/scholarships\/#breadcrumb","itemListElement":[{"@type":"ListItem","position":1,"name":"Hem","item":"https:\/\/staging.v-dala.se\/en\/"},{"@type":"ListItem","position":2,"name":"Benefits","item":"https:\/\/staging.v-dala.se\/en\/benefits\/"},{"@type":"ListItem","position":3,"name":"Scholarships"}]},{"@type":"WebSite","@id":"https:\/\/staging.v-dala.se\/en\/#website","url":"https:\/\/staging.v-dala.se\/en\/","name":"V-Dala nation","description":"V\u00e4stmanlands-Dala Nation f\u00f6r Studenternas Nytta och N\u00f6je - sedan 1639","potentialAction":[{"@type":"SearchAction","target":{"@type":"EntryPoint","urlTemplate":"https:\/\/staging.v-dala.se\/en\/?s={search_term_string}"},"query-input":"required name=search_term_string"}],"inLanguage":"en-US"}]}},"_links":{"self":[{"href":"https:\/\/staging.v-dala.se\/en\/wp-json\/wp\/v2\/pages\/1231"}],"collection":[{"href":"https:\/\/staging.v-dala.se\/en\/wp-json\/wp\/v2\/pages"}],"about":[{"href":"https:\/\/staging.v-dala.se\/en\/wp-json\/wp\/v2\/types\/page"}],"author":[{"embeddable":true,"href":"https:\/\/staging.v-dala.se\/en\/wp-json\/wp\/v2\/users\/7"}],"replies":[{"embeddable":true,"href":"https:\/\/staging.v-dala.se\/en\/wp-json\/wp\/v2\/comments?post=1231"}],"version-history":[{"count":52,"href":"https:\/\/staging.v-dala.se\/en\/wp-json\/wp\/v2\/pages\/1231\/revisions"}],"predecessor-version":[{"id":35701,"href":"https:\/\/staging.v-dala.se\/en\/wp-json\/wp\/v2\/pages\/1231\/revisions\/35701"}],"up":[{"embeddable":true,"href":"https:\/\/staging.v-dala.se\/en\/wp-json\/wp\/v2\/pages\/1219"}],"wp:attachment":[{"href":"https:\/\/staging.v-dala.se\/en\/wp-json\/wp\/v2\/media?parent=1231"}],"curies":[{"name":"wp","href":"https:\/\/api.w.org\/{rel}","templated":true}]}}