{"id":1245,"date":"2014-05-12T17:25:26","date_gmt":"2014-05-12T15:25:26","guid":{"rendered":"http:\/\/vdala.fantasmo.se\/engagera-dig\/extraknack\/"},"modified":"2022-11-10T14:57:32","modified_gmt":"2022-11-10T13:57:32","slug":"work","status":"publish","type":"page","link":"https:\/\/staging.v-dala.se\/en\/engagera-dig\/work\/","title":{"rendered":"Work"},"content":{"rendered":"<p><img decoding=\"async\" src=\"\/wp-content\/uploads\/2014\/05\/jobba-700x344.jpg\" alt=\"jobba\" \/><\/p>\n<p>The sterotypical student is poor. That same stereotype knows that the best way to combat poverty is working at the nation. At V-Dala, all kinds of work in the entertainment sector pay 40 SEK\/hour (but can vary to higher sums depending on tasks). You can try your hand at bartending, cooking, washing dishes, being the doorman, baking cookies or working in the wardrobe for a day (or night). It&#8217;s great for both your wallet but also gives you a chance to try out new things and skills, while making new friends!<\/p>\n<p>Contact <a href=\"https:\/\/v-dala.se\/kontakt\/\">Klubbverket<\/a> or <a href=\"https:\/\/v-dala.se\/kontakt\/\">Puben<\/a> for further information.<\/p>\n<p>&nbsp;<\/p>\n<h3>Work at the partyfloor<\/h3>\n<p>Klubbm\u00e4staren is responsible for dishes-, port-, wardrobe- and glass picking staff on the partyfloor,<\/p>\n<p><a href=\"mailto:klm@v-dala.se\">klm@v-dala.se<\/a><\/p>\n<h3>Serve or cook<\/h3>\n<p>Klubbm\u00e4starinnan is responsible for kitchen and serving staff on the party floor.<\/p>\n<p><a href=\"mailto:klma@v-dala.se\">klma@v-dala.se<\/a><\/p>\n<h3>Work in the bar<\/h3>\n<p>Barm\u00e4staren is responsible for the bartenders.<\/p>\n<p><a href=\"mailto:barm@v-dala.se\">barm@v-dala.se<\/a><\/p>\n<h3>Work in the pub<\/h3>\n<pre id=\"tw-target-text\" class=\"tw-data-text tw-text-large XcVN5d tw-ta\" dir=\"ltr\" data-placeholder=\"\u00d6vers\u00e4ttning\"><span class=\"Y2IQFc\" lang=\"en\">Pub manager is responsible for staff in the pub where you can work in the kitchen, bar, restaurant and port.<\/span><\/pre>\n<p><a href=\"mailto:puben@v-dala.se\">puben@v-dala.se<\/a><\/p>\n<p>&nbsp;<\/p>\n","protected":false},"excerpt":{"rendered":"The sterotypical student is poor. That same stereotype knows that the best way to combat poverty is working at the nation. At V-Dala, all kinds of work in the entertainment sector pay 40 SEK\/hour (but can vary to higher sums depending on tasks). You can try your hand at bartending, cooking, washing dishes, being the&#8230;","protected":false},"author":7,"featured_media":0,"parent":1242,"menu_order":0,"comment_status":"open","ping_status":"open","template":"","meta":{"footnotes":""},"acf":[],"yoast_head":"<!-- This site is optimized with the Yoast SEO plugin v21.4 - https:\/\/yoast.com\/wordpress\/plugins\/seo\/ -->\n<title>Work - V-Dala nation<\/title>\n<meta name=\"robots\" content=\"noindex, follow, max-snippet:-1, max-image-preview:large, max-video-preview:-1\" \/>\n<meta property=\"og:locale\" content=\"en_US\" \/>\n<meta property=\"og:type\" content=\"article\" \/>\n<meta property=\"og:title\" content=\"Work - V-Dala nation\" \/>\n<meta property=\"og:url\" content=\"https:\/\/staging.v-dala.se\/en\/engagera-dig\/work\/\" \/>\n<meta property=\"og:site_name\" content=\"V-Dala nation\" \/>\n<meta property=\"article:publisher\" content=\"https:\/\/www.facebook.com\/VDala\/\" \/>\n<meta property=\"article:modified_time\" content=\"2022-11-10T13:57:32+00:00\" \/>\n<meta name=\"twitter:card\" content=\"summary_large_image\" \/>\n<meta name=\"twitter:site\" content=\"@vdala\" \/>\n<meta name=\"twitter:label1\" content=\"Est. reading time\" \/>\n\t<meta name=\"twitter:data1\" content=\"2 minutes\" \/>\n<script type=\"application\/ld+json\" class=\"yoast-schema-graph\">{\"@context\":\"https:\/\/schema.org\",\"@graph\":[{\"@type\":\"WebPage\",\"@id\":\"https:\/\/staging.v-dala.se\/en\/engagera-dig\/work\/\",\"url\":\"https:\/\/staging.v-dala.se\/en\/engagera-dig\/work\/\",\"name\":\"Work - V-Dala nation\",\"isPartOf\":{\"@id\":\"https:\/\/staging.v-dala.se\/en\/#website\"},\"datePublished\":\"2014-05-12T15:25:26+00:00\",\"dateModified\":\"2022-11-10T13:57:32+00:00\",\"breadcrumb\":{\"@id\":\"https:\/\/staging.v-dala.se\/en\/engagera-dig\/work\/#breadcrumb\"},\"inLanguage\":\"en-US\",\"potentialAction\":[{\"@type\":\"ReadAction\",\"target\":[\"https:\/\/staging.v-dala.se\/en\/engagera-dig\/work\/\"]}]},{\"@type\":\"BreadcrumbList\",\"@id\":\"https:\/\/staging.v-dala.se\/en\/engagera-dig\/work\/#breadcrumb\",\"itemListElement\":[{\"@type\":\"ListItem\",\"position\":1,\"name\":\"Hem\",\"item\":\"https:\/\/staging.v-dala.se\/en\/\"},{\"@type\":\"ListItem\",\"position\":2,\"name\":\"Get involved!\",\"item\":\"https:\/\/staging.v-dala.se\/en\/engagera-dig\/\"},{\"@type\":\"ListItem\",\"position\":3,\"name\":\"Work\"}]},{\"@type\":\"WebSite\",\"@id\":\"https:\/\/staging.v-dala.se\/en\/#website\",\"url\":\"https:\/\/staging.v-dala.se\/en\/\",\"name\":\"V-Dala nation\",\"description\":\"V\u00e4stmanlands-Dala Nation f\u00f6r Studenternas Nytta och N\u00f6je - sedan 1639\",\"potentialAction\":[{\"@type\":\"SearchAction\",\"target\":{\"@type\":\"EntryPoint\",\"urlTemplate\":\"https:\/\/staging.v-dala.se\/en\/?s={search_term_string}\"},\"query-input\":\"required name=search_term_string\"}],\"inLanguage\":\"en-US\"}]}<\/script>\n<!-- \/ Yoast SEO plugin. -->","yoast_head_json":{"title":"Work - V-Dala nation","robots":{"index":"noindex","follow":"follow","max-snippet":"max-snippet:-1","max-image-preview":"max-image-preview:large","max-video-preview":"max-video-preview:-1"},"og_locale":"en_US","og_type":"article","og_title":"Work - V-Dala nation","og_url":"https:\/\/staging.v-dala.se\/en\/engagera-dig\/work\/","og_site_name":"V-Dala nation","article_publisher":"https:\/\/www.facebook.com\/VDala\/","article_modified_time":"2022-11-10T13:57:32+00:00","twitter_card":"summary_large_image","twitter_site":"@vdala","twitter_misc":{"Est. reading time":"2 minutes"},"schema":{"@context":"https:\/\/schema.org","@graph":[{"@type":"WebPage","@id":"https:\/\/staging.v-dala.se\/en\/engagera-dig\/work\/","url":"https:\/\/staging.v-dala.se\/en\/engagera-dig\/work\/","name":"Work - V-Dala nation","isPartOf":{"@id":"https:\/\/staging.v-dala.se\/en\/#website"},"datePublished":"2014-05-12T15:25:26+00:00","dateModified":"2022-11-10T13:57:32+00:00","breadcrumb":{"@id":"https:\/\/staging.v-dala.se\/en\/engagera-dig\/work\/#breadcrumb"},"inLanguage":"en-US","potentialAction":[{"@type":"ReadAction","target":["https:\/\/staging.v-dala.se\/en\/engagera-dig\/work\/"]}]},{"@type":"BreadcrumbList","@id":"https:\/\/staging.v-dala.se\/en\/engagera-dig\/work\/#breadcrumb","itemListElement":[{"@type":"ListItem","position":1,"name":"Hem","item":"https:\/\/staging.v-dala.se\/en\/"},{"@type":"ListItem","position":2,"name":"Get involved!","item":"https:\/\/staging.v-dala.se\/en\/engagera-dig\/"},{"@type":"ListItem","position":3,"name":"Work"}]},{"@type":"WebSite","@id":"https:\/\/staging.v-dala.se\/en\/#website","url":"https:\/\/staging.v-dala.se\/en\/","name":"V-Dala nation","description":"V\u00e4stmanlands-Dala Nation f\u00f6r Studenternas Nytta och N\u00f6je - sedan 1639","potentialAction":[{"@type":"SearchAction","target":{"@type":"EntryPoint","urlTemplate":"https:\/\/staging.v-dala.se\/en\/?s={search_term_string}"},"query-input":"required name=search_term_string"}],"inLanguage":"en-US"}]}},"_links":{"self":[{"href":"https:\/\/staging.v-dala.se\/en\/wp-json\/wp\/v2\/pages\/1245"}],"collection":[{"href":"https:\/\/staging.v-dala.se\/en\/wp-json\/wp\/v2\/pages"}],"about":[{"href":"https:\/\/staging.v-dala.se\/en\/wp-json\/wp\/v2\/types\/page"}],"author":[{"embeddable":true,"href":"https:\/\/staging.v-dala.se\/en\/wp-json\/wp\/v2\/users\/7"}],"replies":[{"embeddable":true,"href":"https:\/\/staging.v-dala.se\/en\/wp-json\/wp\/v2\/comments?post=1245"}],"version-history":[{"count":10,"href":"https:\/\/staging.v-dala.se\/en\/wp-json\/wp\/v2\/pages\/1245\/revisions"}],"predecessor-version":[{"id":31951,"href":"https:\/\/staging.v-dala.se\/en\/wp-json\/wp\/v2\/pages\/1245\/revisions\/31951"}],"up":[{"embeddable":true,"href":"https:\/\/staging.v-dala.se\/en\/wp-json\/wp\/v2\/pages\/1242"}],"wp:attachment":[{"href":"https:\/\/staging.v-dala.se\/en\/wp-json\/wp\/v2\/media?parent=1245"}],"curies":[{"name":"wp","href":"https:\/\/api.w.org\/{rel}","templated":true}]}}