{"id":1278,"date":"2014-05-13T12:13:55","date_gmt":"2014-05-13T10:13:55","guid":{"rendered":"http:\/\/vdala.fantasmo.se\/about-the-nation\/hedersledamoter\/"},"modified":"2023-04-11T10:19:34","modified_gmt":"2023-04-11T09:19:34","slug":"honorary-members","status":"publish","type":"page","link":"https:\/\/staging.v-dala.se\/en\/about-the-nation\/honorary-members\/","title":{"rendered":"Honorary members"},"content":{"rendered":"<p>The Nation may elect as lifetime honorary members:<\/p>\n<ol>\n<li>persons who have made especially important contributions to the nation,<\/li>\n<li>persons who have shown excellent scientific, artistic, literary or civic virtue, who either are or have been members of the nation, or are born \u00a0in V\u00e4stmanland or Dalarna, or who have or have had their base of operations in those provinces, or otherwise share a close bond with the Nation.<\/li>\n<\/ol>\n<p>&nbsp;<\/p>\n<p>At present, the Nation has 62 honorary members:<\/p>\n<ol>\n<li>Opera singer Busk Margit Jonsson<\/li>\n<li>Financial\u00a0consultant Bo Rock, Second Curator\u00a01972, Treasurer\u00a01979-1993<\/li>\n<li>Consul General, M.D. (<span style=\"color: #252525;\">h.c)<\/span>\u00a0Anders Wall<\/li>\n<li>Chamber musician Lars Roos<\/li>\n<li>Concert singer and cultural entrepreneur Margareta Jonth<\/li>\n<li>Bo Berggren, D.Tech<\/li>\n<li>Newspaper editor\u00a0Lennart Bengtsson<\/li>\n<li>Editor Anders H Pers<\/li>\n<li>Executive director\u00a0Bo Aulin, First Curator\u00a01974-1976<\/li>\n<li>Information manager\u00a0Rolf Kroon, LL.B., Treasurer since\u00a01993<\/li>\n<li>Bishop emeritus Claes Bertil Ytterberg<\/li>\n<li>Professor Uno Erikson<\/li>\n<li>Excecutive director\u00a0Lars Ramqvist<\/li>\n<li>Former Cabinet minister Lena Hjelm-Wall\u00e9n<\/li>\n<li>Anders Milton M.D.<\/li>\n<li>Executive director\u00a0\u00a0Christer Brandberg, Second Curator\u00a01969<\/li>\n<li>Brigadier\u00a0Lennart Johansson<\/li>\n<li>Former Govenor of V\u00e4stmanland\u00a0Mats Svegfors<\/li>\n<li>Professor Bo S\u00f6dersten<\/li>\n<li>Professor emeritus Lars Edebo, First Curator\u00a01964-1965<\/li>\n<li>Conductor professor Cecilia Rydinger<\/li>\n<li>Director of studies\u00a0Stig Brewitz, Second Curator\u00a01968<\/li>\n<li>Professor Peter Wallensteen<\/li>\n<li>Professor Gert Kl\u00f6tzke<\/li>\n<li>Vicar \u00c5sa Jonsson<\/li>\n<li>Financial\u00a0consultant\u00a0Helene Erbing Backstr\u00f6m, Manager of economy and property\u00a01987-2000, Deputy Treasurer since\u00a02002<\/li>\n<li>Former\u00a0superintendent Barbro Bursell<\/li>\n<li>Architect\u00a0Anders Bexelius<\/li>\n<li>Executive director\u00a0J\u00f6rgen Jonsson, Librarian\u00a01983-1986, Manager of economy and property\u00a01986-1987<\/li>\n<li>Former Cabinet minister\u00a0Thomas \u00d6stros<\/li>\n<li>Professor B\u00f6rje Johansson<\/li>\n<li>Professor Anne-Liis von Knorring, Inspector 2006-2011<\/li>\n<li>Musician\u00a0Clas Yngstr\u00f6m<\/li>\n<li>Speedway driver\u00a0Tony Rickardsson<\/li>\n<li>Archbishop\u00a0Anders Wejryd<\/li>\n<li>Entertainer\u00a0Peter Carlsson<\/li>\n<li>Professor KG Nilson<\/li>\n<li>Entertainer\u00a0Birgit Carlst\u00e9n<\/li>\n<li>Professor Ulf Danielsson<\/li>\n<li>Music teacher\u00a0Christer Hjort<\/li>\n<li>Author and journalist\u00a0Ingrid Carlberg<\/li>\n<li>Docent Johan Sundstr\u00f6m, Inspector 2011- 2016<\/li>\n<li>Attorney at law\u00a0Anna-Karin Spector H\u00f6\u00f6k, Second curator\u00a01975-76 and\u00a0Nation attorney<\/li>\n<li>Tax lawyer\u00a0Torbj\u00f6rn Spector, Librarian\u00a01977-78, Historiographer\u00a01978-79, Nation attorney\u00a01979-81<\/li>\n<li>Journalist and author\u00a0Magnus Lind<\/li>\n<li>Professor Jan &#8220;Gulan&#8221; Gulliksen<\/li>\n<li>Professor Ulla B\u00f6restam, Second Curator 1974<\/li>\n<li>Road historian\u00a0Jan-Olof Montelius, Librarian\u00a01971-73, First Curator\u00a01977-78<\/li>\n<li>Mikael Gidhagen \u00a0PhD (Econ.), Proinspector 2013 &#8211; 2021<\/li>\n<li>Bishop Thomas S\u00f6derberg<\/li>\n<li>Former Govenor of V\u00e4stmanland H\u00e5kan W\u00e5hlstedt<\/li>\n<li>Professor Staffan Yngve<\/li>\n<li>Skribenten och ordf\u00f6rande Karin Perers<\/li>\n<li>Juris kandidat Anna-Pia Norman Wahlund<\/li>\n<li>Museidirekt\u00f6r och adjungerad professor Johan Cederlund<\/li>\n<li>Professor och vicerektor Johan Tysk<\/li>\n<li>Former secretary of Region Uppsala Elisabet Kroon<\/li>\n<li>Ethnologist Richard Tellstr\u00f6m<\/li>\n<li>Opera singer Anna Larsson<\/li>\n<li>Professor Anna G\u00f6tlind<\/li>\n<\/ol>\n<p>&nbsp;<\/p>\n","protected":false},"excerpt":{"rendered":"The Nation may elect as lifetime honorary members: persons who have made especially important contributions to the nation, persons who have shown excellent scientific, artistic, literary or civic virtue, who either are or have been members of the nation, or are born \u00a0in V\u00e4stmanland or Dalarna, or who have or have had their base of&#8230;","protected":false},"author":7,"featured_media":0,"parent":55,"menu_order":0,"comment_status":"open","ping_status":"open","template":"","meta":{"footnotes":""},"acf":[],"yoast_head":"<!-- This site is optimized with the Yoast SEO plugin v21.4 - https:\/\/yoast.com\/wordpress\/plugins\/seo\/ -->\n<title>Honorary members - V-Dala nation<\/title>\n<meta name=\"robots\" content=\"noindex, follow, max-snippet:-1, max-image-preview:large, max-video-preview:-1\" \/>\n<meta property=\"og:locale\" content=\"en_US\" \/>\n<meta property=\"og:type\" content=\"article\" \/>\n<meta property=\"og:title\" content=\"Honorary members - V-Dala nation\" \/>\n<meta property=\"og:url\" content=\"https:\/\/staging.v-dala.se\/en\/about-the-nation\/honorary-members\/\" \/>\n<meta property=\"og:site_name\" content=\"V-Dala nation\" \/>\n<meta property=\"article:publisher\" content=\"https:\/\/www.facebook.com\/VDala\/\" \/>\n<meta property=\"article:modified_time\" content=\"2023-04-11T09:19:34+00:00\" \/>\n<meta name=\"twitter:card\" content=\"summary_large_image\" \/>\n<meta name=\"twitter:site\" content=\"@vdala\" \/>\n<meta name=\"twitter:label1\" content=\"Est. reading time\" \/>\n\t<meta name=\"twitter:data1\" content=\"2 minutes\" \/>\n<script type=\"application\/ld+json\" class=\"yoast-schema-graph\">{\"@context\":\"https:\/\/schema.org\",\"@graph\":[{\"@type\":\"WebPage\",\"@id\":\"https:\/\/staging.v-dala.se\/en\/about-the-nation\/honorary-members\/\",\"url\":\"https:\/\/staging.v-dala.se\/en\/about-the-nation\/honorary-members\/\",\"name\":\"Honorary members - V-Dala nation\",\"isPartOf\":{\"@id\":\"https:\/\/staging.v-dala.se\/en\/#website\"},\"datePublished\":\"2014-05-13T10:13:55+00:00\",\"dateModified\":\"2023-04-11T09:19:34+00:00\",\"breadcrumb\":{\"@id\":\"https:\/\/staging.v-dala.se\/en\/about-the-nation\/honorary-members\/#breadcrumb\"},\"inLanguage\":\"en-US\",\"potentialAction\":[{\"@type\":\"ReadAction\",\"target\":[\"https:\/\/staging.v-dala.se\/en\/about-the-nation\/honorary-members\/\"]}]},{\"@type\":\"BreadcrumbList\",\"@id\":\"https:\/\/staging.v-dala.se\/en\/about-the-nation\/honorary-members\/#breadcrumb\",\"itemListElement\":[{\"@type\":\"ListItem\",\"position\":1,\"name\":\"Hem\",\"item\":\"https:\/\/staging.v-dala.se\/en\/\"},{\"@type\":\"ListItem\",\"position\":2,\"name\":\"About the Nation\",\"item\":\"https:\/\/staging.v-dala.se\/en\/about-the-nation\/\"},{\"@type\":\"ListItem\",\"position\":3,\"name\":\"Honorary members\"}]},{\"@type\":\"WebSite\",\"@id\":\"https:\/\/staging.v-dala.se\/en\/#website\",\"url\":\"https:\/\/staging.v-dala.se\/en\/\",\"name\":\"V-Dala nation\",\"description\":\"V\u00e4stmanlands-Dala Nation f\u00f6r Studenternas Nytta och N\u00f6je - sedan 1639\",\"potentialAction\":[{\"@type\":\"SearchAction\",\"target\":{\"@type\":\"EntryPoint\",\"urlTemplate\":\"https:\/\/staging.v-dala.se\/en\/?s={search_term_string}\"},\"query-input\":\"required name=search_term_string\"}],\"inLanguage\":\"en-US\"}]}<\/script>\n<!-- \/ Yoast SEO plugin. -->","yoast_head_json":{"title":"Honorary members - V-Dala nation","robots":{"index":"noindex","follow":"follow","max-snippet":"max-snippet:-1","max-image-preview":"max-image-preview:large","max-video-preview":"max-video-preview:-1"},"og_locale":"en_US","og_type":"article","og_title":"Honorary members - V-Dala nation","og_url":"https:\/\/staging.v-dala.se\/en\/about-the-nation\/honorary-members\/","og_site_name":"V-Dala nation","article_publisher":"https:\/\/www.facebook.com\/VDala\/","article_modified_time":"2023-04-11T09:19:34+00:00","twitter_card":"summary_large_image","twitter_site":"@vdala","twitter_misc":{"Est. reading time":"2 minutes"},"schema":{"@context":"https:\/\/schema.org","@graph":[{"@type":"WebPage","@id":"https:\/\/staging.v-dala.se\/en\/about-the-nation\/honorary-members\/","url":"https:\/\/staging.v-dala.se\/en\/about-the-nation\/honorary-members\/","name":"Honorary members - V-Dala nation","isPartOf":{"@id":"https:\/\/staging.v-dala.se\/en\/#website"},"datePublished":"2014-05-13T10:13:55+00:00","dateModified":"2023-04-11T09:19:34+00:00","breadcrumb":{"@id":"https:\/\/staging.v-dala.se\/en\/about-the-nation\/honorary-members\/#breadcrumb"},"inLanguage":"en-US","potentialAction":[{"@type":"ReadAction","target":["https:\/\/staging.v-dala.se\/en\/about-the-nation\/honorary-members\/"]}]},{"@type":"BreadcrumbList","@id":"https:\/\/staging.v-dala.se\/en\/about-the-nation\/honorary-members\/#breadcrumb","itemListElement":[{"@type":"ListItem","position":1,"name":"Hem","item":"https:\/\/staging.v-dala.se\/en\/"},{"@type":"ListItem","position":2,"name":"About the Nation","item":"https:\/\/staging.v-dala.se\/en\/about-the-nation\/"},{"@type":"ListItem","position":3,"name":"Honorary members"}]},{"@type":"WebSite","@id":"https:\/\/staging.v-dala.se\/en\/#website","url":"https:\/\/staging.v-dala.se\/en\/","name":"V-Dala nation","description":"V\u00e4stmanlands-Dala Nation f\u00f6r Studenternas Nytta och N\u00f6je - sedan 1639","potentialAction":[{"@type":"SearchAction","target":{"@type":"EntryPoint","urlTemplate":"https:\/\/staging.v-dala.se\/en\/?s={search_term_string}"},"query-input":"required name=search_term_string"}],"inLanguage":"en-US"}]}},"_links":{"self":[{"href":"https:\/\/staging.v-dala.se\/en\/wp-json\/wp\/v2\/pages\/1278"}],"collection":[{"href":"https:\/\/staging.v-dala.se\/en\/wp-json\/wp\/v2\/pages"}],"about":[{"href":"https:\/\/staging.v-dala.se\/en\/wp-json\/wp\/v2\/types\/page"}],"author":[{"embeddable":true,"href":"https:\/\/staging.v-dala.se\/en\/wp-json\/wp\/v2\/users\/7"}],"replies":[{"embeddable":true,"href":"https:\/\/staging.v-dala.se\/en\/wp-json\/wp\/v2\/comments?post=1278"}],"version-history":[{"count":24,"href":"https:\/\/staging.v-dala.se\/en\/wp-json\/wp\/v2\/pages\/1278\/revisions"}],"predecessor-version":[{"id":33914,"href":"https:\/\/staging.v-dala.se\/en\/wp-json\/wp\/v2\/pages\/1278\/revisions\/33914"}],"up":[{"embeddable":true,"href":"https:\/\/staging.v-dala.se\/en\/wp-json\/wp\/v2\/pages\/55"}],"wp:attachment":[{"href":"https:\/\/staging.v-dala.se\/en\/wp-json\/wp\/v2\/media?parent=1278"}],"curies":[{"name":"wp","href":"https:\/\/api.w.org\/{rel}","templated":true}]}}