{"id":1285,"date":"2014-05-13T12:23:25","date_gmt":"2014-05-13T10:23:25","guid":{"rendered":"http:\/\/vdala.fantasmo.se\/about-the-nation\/dokument\/"},"modified":"2023-03-17T13:35:51","modified_gmt":"2023-03-17T12:35:51","slug":"dokument","status":"publish","type":"page","link":"https:\/\/staging.v-dala.se\/en\/about-the-nation\/dokument\/","title":{"rendered":"Documents"},"content":{"rendered":"<div style=\"color: #4f4f4f;\">Would you like to know more about the Nation and how it is run? Below are some of the documents which regulate the running of the Nation.<\/div>\n<ul style=\"color: #4f4f4f;\">\n<li><a style=\"color: #004d81;\" href=\"http:\/\/www.v-dala.se\/images\/dokument\/v-dala_stadgar090323.pdf\" target=\"_self\" rel=\"noopener\">V\u00e4stmanlands-Dala nations stadgar<\/a>\u00a0(PDF 405kB)<\/li>\n<li><a href=\"https:\/\/v-dala.se\/wp-content\/uploads\/2023\/03\/Plan-for-Equal-Opportunity-2019.pdf\">Plan for Equal Opportunity <\/a>\u00a0(PDF)<\/li>\n<\/ul>\n<h3 style=\"color: #4f4f4f;\"><\/h3>\n<h3 style=\"color: #4f4f4f;\">List of Benefits<\/h3>\n<p>If you want to know what possible benefits a particular post gives you, you can the document in Swedish <a href=\"https:\/\/v-dala.se\/wp-content\/uploads\/2023\/02\/Formanslista-reviderad-av-AU-VT23-1.pdf\"><em>F\u00f6rm\u00e5nslista<\/em><\/a>. The list and the benefits for the different items may be updated. The current version was published 2023.<\/p>\n<h3 style=\"color: #4f4f4f;\">Post descriptions \/ &#8220;Befattningsbeskrivningar&#8221;<\/h3>\n<p>Interested in a particular post? Read the documents below! Unfortunately only available in Swedish, but if you have any questions, please feel free to contact our First Curator!<\/p>\n<ul style=\"color: #4f4f4f;\">\n<li><a style=\"color: #004d81;\" href=\"http:\/\/www.v-dala.se\/images\/dokument\/befattningsbeskrivningar\/befattningsbeskrivning_1q.pdf\" target=\"_self\" rel=\"noopener\">Befattningsbeskrivning F\u00f6rste kurator<\/a><\/li>\n<li><a style=\"color: #004d81;\" href=\"http:\/\/www.v-dala.se\/images\/dokument\/befattningsbeskrivningar\/befattningsbeskrivning_2q.pdf\" target=\"_self\" rel=\"noopener\">Befattningsbeskrivning Andre kurator<\/a><\/li>\n<li><a style=\"color: #004d81;\" href=\"http:\/\/www.v-dala.se\/images\/dokument\/befattningsbeskrivningar\/arbetsinstruktion_biblioteksutskottet.pdf\" target=\"_self\" rel=\"noopener\">Arbetsinstruktion Biblioteksutskottet<\/a><\/li>\n<li><a style=\"color: #004d81;\" href=\"http:\/\/www.v-dala.se\/images\/dokument\/befattningsbeskrivningar\/arbetsinstruktion_programutskottet.pdf\" target=\"_self\" rel=\"noopener\">Arbetsinstruktion Programutskottet<\/a><\/li>\n<li><a style=\"color: #004d81;\" href=\"http:\/\/www.v-dala.se\/images\/dokument\/befattningsbeskrivningar\/befattningsbeskrivning_alkoholombudsman.pdf\" target=\"_self\" rel=\"noopener\">Befattningsbeskrivning Alkoholombudsman<\/a><\/li>\n<li><a style=\"color: #004d81;\" href=\"http:\/\/www.v-dala.se\/images\/dokument\/befattningsbeskrivningar\/befattningsbeskrivning_arkivarie.pdf\" target=\"_self\" rel=\"noopener\">Befattningsbeskrivning Arkivarie<\/a><\/li>\n<li><a style=\"color: #004d81;\" href=\"http:\/\/www.v-dala.se\/images\/dokument\/befattningsbeskrivningar\/befattningsbeskrivning_barm%E4starassistent.pdf\" target=\"_self\" rel=\"noopener\">Befattningsbeskrivning Barm\u00e4starassistent<\/a><\/li>\n<li><a style=\"color: #004d81;\" href=\"http:\/\/www.v-dala.se\/images\/dokument\/befattningsbeskrivningar\/befattningsbeskrivning_barm%E4stare.pdf\" target=\"_self\" rel=\"noopener\">Befattningsbeskrivning Barm\u00e4stare<\/a><\/li>\n<li><a style=\"color: #004d81;\" href=\"http:\/\/www.v-dala.se\/images\/dokument\/befattningsbeskrivningar\/befattningsbeskrivning_brunchv%E4rdar.pdf\" target=\"_self\" rel=\"noopener\">Befattningsbeskrivning Brunchv\u00e4rdar<\/a><\/li>\n<li><a style=\"color: #004d81;\" href=\"http:\/\/www.v-dala.se\/images\/dokument\/befattningsbeskrivningar\/befattningsbeskrivning_dalpelleredakt%F6rer.pdf\" target=\"_self\" rel=\"noopener\">Befattningsbeskrivning Dalpelle<\/a><\/li>\n<li><a style=\"color: #004d81;\" href=\"http:\/\/www.v-dala.se\/images\/dokument\/befattningsbeskrivningar\/befattningsbeskrivning_fanb%E4rare.pdf\" target=\"_self\" rel=\"noopener\">Befattningsbeskrivning Fanb\u00e4rare<\/a><\/li>\n<li><a style=\"color: #004d81;\" href=\"http:\/\/www.v-dala.se\/images\/dokument\/befattningsbeskrivningar\/befattningsbeskrivning_hovm%E4stare.pdf\" target=\"_self\" rel=\"noopener\">Befattningsbeskrivning Hovm\u00e4stare<\/a><\/li>\n<li><a style=\"color: #004d81;\" href=\"http:\/\/www.v-dala.se\/images\/dokument\/befattningsbeskrivningar\/befattningsbeskrivning_informationssekreterare_infu.pdf\" target=\"_self\" rel=\"noopener\">Befattningsbeskrivning Informationssekreterare och informationsutskottet<\/a><\/li>\n<li><a style=\"color: #004d81;\" href=\"http:\/\/www.v-dala.se\/images\/dokument\/befattningsbeskrivningar\/befattningsbeskrivning_internationellsekreterare_iu.pdf\" target=\"_self\" rel=\"noopener\">Befattningsbeskrivning Internationell sekreterare och internationella utskottet<\/a><\/li>\n<li><a style=\"color: #004d81;\" href=\"http:\/\/www.v-dala.se\/images\/dokument\/befattningsbeskrivningar\/befattningsbeskrivning_klubbm%E4stare.pdf\" target=\"_self\" rel=\"noopener\">Befattningsbeskrivning Klubbm\u00e4stare<\/a><\/li>\n<li><a style=\"color: #004d81;\" href=\"http:\/\/www.v-dala.se\/images\/dokument\/befattningsbeskrivningar\/befattningsbeskrivning_klubbm%E4starinna.pdf\" target=\"_self\" rel=\"noopener\">Befattningsbeskrivning Klubbm\u00e4starinna<\/a><\/li>\n<li><a style=\"color: #004d81;\" href=\"http:\/\/www.v-dala.se\/images\/dokument\/befattningsbeskrivningar\/befattningsbeskrivning_kontaktsekreterare_ku.pdf\" target=\"_self\" rel=\"noopener\">Befattningsbeskrivning Kontaktsekreterare samt kontaktutskottet<\/a><\/li>\n<li><a style=\"color: #004d81;\" href=\"http:\/\/www.v-dala.se\/images\/dokument\/befattningsbeskrivningar\/befattningsbeskrivning_LP-redaktor.pdf\" target=\"_self\" rel=\"noopener\">Befattningsbeskrivning Redakt\u00f6r f\u00f6r tidningen Landskapsposten<\/a><\/li>\n<li><a style=\"color: #004d81;\" href=\"http:\/\/www.v-dala.se\/images\/dokument\/befattningsbeskrivningar\/befattningsbeskrivning_nationsfotograf.pdf\" target=\"_self\" rel=\"noopener\">Befattningsbeskrivning Nationsfotograf<\/a><\/li>\n<li><a style=\"color: #004d81;\" href=\"http:\/\/www.v-dala.se\/images\/dokument\/befattningsbeskrivningar\/befattningsbeskrivning_nationstekniker.pdf\" target=\"_self\" rel=\"noopener\">Befattningsbeskrivning Nationstekniker<\/a><\/li>\n<li><a style=\"color: #004d81;\" href=\"http:\/\/www.v-dala.se\/images\/dokument\/befattningsbeskrivningar\/befattningsbeskrivning_pubchef.pdf\" target=\"_self\" rel=\"noopener\">Befattningsbeskrivning Pubchef<\/a><\/li>\n<li><a style=\"color: #004d81;\" href=\"http:\/\/www.v-dala.se\/images\/dokument\/befattningsbeskrivningar\/befattningsbeskrivning_pubv%E4rd.pdf\" target=\"_self\" rel=\"noopener\">Befattningsbeskrivning Pubv\u00e4rd<\/a><\/li>\n<li><a style=\"color: #004d81;\" href=\"http:\/\/v-dala.se\/images\/dokument\/befattningsbeskrivningar\/befattningsbeskrivning_sommartingsvardar.pdf\" target=\"_self\" rel=\"noopener\">Befattningsbeskrivning Sommartingsv\u00e4rdar<\/a><\/li>\n<li><a style=\"color: #004d81;\" href=\"http:\/\/www.v-dala.se\/images\/dokument\/befattningsbeskrivningar\/befattningsbeskrivning_s%E5nganf%F6rare.pdf\" target=\"_self\" rel=\"noopener\">Befattningsbeskrivning S\u00e5nganf\u00f6rare<\/a><\/li>\n<li><a style=\"color: #004d81;\" href=\"http:\/\/www.v-dala.se\/images\/dokument\/befattningsbeskrivningar\/befattningsbeskrivning_webbredakt%F6r.pdf\" target=\"_self\" rel=\"noopener\">Befattningsbeskrivning Webbredakt\u00f6r<\/a><\/li>\n<li><a style=\"color: #004d81;\" href=\"http:\/\/www.v-dala.se\/images\/dokument\/befattningsbeskrivningar\/reglemente_valn%E4mnd.pdf\" target=\"_self\" rel=\"noopener\">Valn\u00e4mndens reglemente<\/a><\/li>\n<\/ul>\n","protected":false},"excerpt":{"rendered":"Would you like to know more about the Nation and how it is run? Below are some of the documents which regulate the running of the Nation. V\u00e4stmanlands-Dala nations stadgar\u00a0(PDF 405kB) Plan for Equal Opportunity \u00a0(PDF) List of Benefits If you want to know what possible benefits a particular post gives you, you can the&#8230;","protected":false},"author":7,"featured_media":0,"parent":55,"menu_order":4,"comment_status":"open","ping_status":"open","template":"","meta":{"footnotes":""},"acf":[],"yoast_head":"<!-- This site is optimized with the Yoast SEO plugin v21.4 - https:\/\/yoast.com\/wordpress\/plugins\/seo\/ -->\n<title>Documents - V-Dala nation<\/title>\n<meta name=\"robots\" content=\"noindex, follow, max-snippet:-1, max-image-preview:large, max-video-preview:-1\" \/>\n<meta property=\"og:locale\" content=\"en_US\" \/>\n<meta property=\"og:type\" content=\"article\" \/>\n<meta property=\"og:title\" content=\"Documents - V-Dala nation\" \/>\n<meta property=\"og:url\" content=\"https:\/\/staging.v-dala.se\/en\/about-the-nation\/dokument\/\" \/>\n<meta property=\"og:site_name\" content=\"V-Dala nation\" \/>\n<meta property=\"article:publisher\" content=\"https:\/\/www.facebook.com\/VDala\/\" \/>\n<meta property=\"article:modified_time\" content=\"2023-03-17T12:35:51+00:00\" \/>\n<meta name=\"twitter:card\" content=\"summary_large_image\" \/>\n<meta name=\"twitter:site\" content=\"@vdala\" \/>\n<meta name=\"twitter:label1\" content=\"Est. reading time\" \/>\n\t<meta name=\"twitter:data1\" content=\"1 minute\" \/>\n<script type=\"application\/ld+json\" class=\"yoast-schema-graph\">{\"@context\":\"https:\/\/schema.org\",\"@graph\":[{\"@type\":\"WebPage\",\"@id\":\"https:\/\/staging.v-dala.se\/en\/about-the-nation\/dokument\/\",\"url\":\"https:\/\/staging.v-dala.se\/en\/about-the-nation\/dokument\/\",\"name\":\"Documents - V-Dala nation\",\"isPartOf\":{\"@id\":\"https:\/\/staging.v-dala.se\/#website\"},\"datePublished\":\"2014-05-13T10:23:25+00:00\",\"dateModified\":\"2023-03-17T12:35:51+00:00\",\"breadcrumb\":{\"@id\":\"https:\/\/staging.v-dala.se\/en\/about-the-nation\/dokument\/#breadcrumb\"},\"inLanguage\":\"en-US\",\"potentialAction\":[{\"@type\":\"ReadAction\",\"target\":[\"https:\/\/staging.v-dala.se\/en\/about-the-nation\/dokument\/\"]}]},{\"@type\":\"BreadcrumbList\",\"@id\":\"https:\/\/staging.v-dala.se\/en\/about-the-nation\/dokument\/#breadcrumb\",\"itemListElement\":[{\"@type\":\"ListItem\",\"position\":1,\"name\":\"Hem\",\"item\":\"https:\/\/staging.v-dala.se\/en\/\"},{\"@type\":\"ListItem\",\"position\":2,\"name\":\"About the Nation\",\"item\":\"https:\/\/staging.v-dala.se\/en\/about-the-nation\/\"},{\"@type\":\"ListItem\",\"position\":3,\"name\":\"Documents\"}]},{\"@type\":\"WebSite\",\"@id\":\"https:\/\/staging.v-dala.se\/#website\",\"url\":\"https:\/\/staging.v-dala.se\/\",\"name\":\"V-Dala nation\",\"description\":\"V\u00e4stmanlands-Dala Nation f\u00f6r Studenternas Nytta och N\u00f6je - sedan 1639\",\"potentialAction\":[{\"@type\":\"SearchAction\",\"target\":{\"@type\":\"EntryPoint\",\"urlTemplate\":\"https:\/\/staging.v-dala.se\/?s={search_term_string}\"},\"query-input\":\"required name=search_term_string\"}],\"inLanguage\":\"en-US\"}]}<\/script>\n<!-- \/ Yoast SEO plugin. -->","yoast_head_json":{"title":"Documents - V-Dala nation","robots":{"index":"noindex","follow":"follow","max-snippet":"max-snippet:-1","max-image-preview":"max-image-preview:large","max-video-preview":"max-video-preview:-1"},"og_locale":"en_US","og_type":"article","og_title":"Documents - V-Dala nation","og_url":"https:\/\/staging.v-dala.se\/en\/about-the-nation\/dokument\/","og_site_name":"V-Dala nation","article_publisher":"https:\/\/www.facebook.com\/VDala\/","article_modified_time":"2023-03-17T12:35:51+00:00","twitter_card":"summary_large_image","twitter_site":"@vdala","twitter_misc":{"Est. reading time":"1 minute"},"schema":{"@context":"https:\/\/schema.org","@graph":[{"@type":"WebPage","@id":"https:\/\/staging.v-dala.se\/en\/about-the-nation\/dokument\/","url":"https:\/\/staging.v-dala.se\/en\/about-the-nation\/dokument\/","name":"Documents - V-Dala nation","isPartOf":{"@id":"https:\/\/staging.v-dala.se\/#website"},"datePublished":"2014-05-13T10:23:25+00:00","dateModified":"2023-03-17T12:35:51+00:00","breadcrumb":{"@id":"https:\/\/staging.v-dala.se\/en\/about-the-nation\/dokument\/#breadcrumb"},"inLanguage":"en-US","potentialAction":[{"@type":"ReadAction","target":["https:\/\/staging.v-dala.se\/en\/about-the-nation\/dokument\/"]}]},{"@type":"BreadcrumbList","@id":"https:\/\/staging.v-dala.se\/en\/about-the-nation\/dokument\/#breadcrumb","itemListElement":[{"@type":"ListItem","position":1,"name":"Hem","item":"https:\/\/staging.v-dala.se\/en\/"},{"@type":"ListItem","position":2,"name":"About the Nation","item":"https:\/\/staging.v-dala.se\/en\/about-the-nation\/"},{"@type":"ListItem","position":3,"name":"Documents"}]},{"@type":"WebSite","@id":"https:\/\/staging.v-dala.se\/#website","url":"https:\/\/staging.v-dala.se\/","name":"V-Dala nation","description":"V\u00e4stmanlands-Dala Nation f\u00f6r Studenternas Nytta och N\u00f6je - sedan 1639","potentialAction":[{"@type":"SearchAction","target":{"@type":"EntryPoint","urlTemplate":"https:\/\/staging.v-dala.se\/?s={search_term_string}"},"query-input":"required name=search_term_string"}],"inLanguage":"en-US"}]}},"_links":{"self":[{"href":"https:\/\/staging.v-dala.se\/en\/wp-json\/wp\/v2\/pages\/1285"}],"collection":[{"href":"https:\/\/staging.v-dala.se\/en\/wp-json\/wp\/v2\/pages"}],"about":[{"href":"https:\/\/staging.v-dala.se\/en\/wp-json\/wp\/v2\/types\/page"}],"author":[{"embeddable":true,"href":"https:\/\/staging.v-dala.se\/en\/wp-json\/wp\/v2\/users\/7"}],"replies":[{"embeddable":true,"href":"https:\/\/staging.v-dala.se\/en\/wp-json\/wp\/v2\/comments?post=1285"}],"version-history":[{"count":15,"href":"https:\/\/staging.v-dala.se\/en\/wp-json\/wp\/v2\/pages\/1285\/revisions"}],"predecessor-version":[{"id":33754,"href":"https:\/\/staging.v-dala.se\/en\/wp-json\/wp\/v2\/pages\/1285\/revisions\/33754"}],"up":[{"embeddable":true,"href":"https:\/\/staging.v-dala.se\/en\/wp-json\/wp\/v2\/pages\/55"}],"wp:attachment":[{"href":"https:\/\/staging.v-dala.se\/en\/wp-json\/wp\/v2\/media?parent=1285"}],"curies":[{"name":"wp","href":"https:\/\/api.w.org\/{rel}","templated":true}]}}