{"id":1288,"date":"2014-05-13T12:25:26","date_gmt":"2014-05-13T10:25:26","guid":{"rendered":"http:\/\/vdala.fantasmo.se\/about-the-nation\/landskap\/"},"modified":"2022-11-09T17:58:36","modified_gmt":"2022-11-09T16:58:36","slug":"landskap","status":"publish","type":"page","link":"https:\/\/staging.v-dala.se\/en\/about-the-nation\/landskap\/","title":{"rendered":"Landskap"},"content":{"rendered":"<h3>What is a landskap?<\/h3>\n<p>Be a part of decisions governing the Nation at the landskap &#8211; it is a great way to see how organizational democracy works!<\/p>\n<p>Landskap is nation&#8217;s highest decision-making body and all members of the V-Dala nation are welcome to participate and vote. Don&#8217;t miss this opportunity to influence the nation&#8217;s activities!<\/p>\n<p>If you are interested in running for a position, the deadline for applications is 7 days before the Landskap. You can apply either via the <a href=\"https:\/\/v-dala.se\/ansok\/?lang=en\">website application form<\/a>. In the link you can also see a list of eligible positions. Remember to check that you have paid your membership and that your books and loans are not overdue &#8211; as this voids your right to vote or be elected for a position.<\/p>\n<p>After the provincial election, the traditional informal dinner, called a &#8220;Landskapssexa&#8221; follows. This is an informal sitting with lots of singing and banter, something that cannot be described but must be experienced!<\/p>\n<p><a href=\"\/ansok\/\"><strong>Apply for office online.<\/strong><\/a><\/p>\n<p>Also see the list of <a title=\"Dokument\" href=\"http:\/\/www.v-dala.se\/en\/about-the-nation\/dokument\/\">available positions<\/a>! It also has descriptions of what the different positions entail.<\/p>\n","protected":false},"excerpt":{"rendered":"What is a landskap? Be a part of decisions governing the Nation at the landskap &#8211; it is a great way to see how organizational democracy works! Landskap is nation&#8217;s highest decision-making body and all members of the V-Dala nation are welcome to participate and vote. Don&#8217;t miss this opportunity to influence the nation&#8217;s activities!&#8230;","protected":false},"author":7,"featured_media":0,"parent":55,"menu_order":0,"comment_status":"open","ping_status":"open","template":"","meta":{"footnotes":""},"acf":[],"yoast_head":"<!-- This site is optimized with the Yoast SEO plugin v21.4 - https:\/\/yoast.com\/wordpress\/plugins\/seo\/ -->\n<title>Landskap - V-Dala nation<\/title>\n<meta name=\"robots\" content=\"noindex, follow, max-snippet:-1, max-image-preview:large, max-video-preview:-1\" \/>\n<meta property=\"og:locale\" content=\"en_US\" \/>\n<meta property=\"og:type\" content=\"article\" \/>\n<meta property=\"og:title\" content=\"Landskap - V-Dala nation\" \/>\n<meta property=\"og:url\" content=\"https:\/\/staging.v-dala.se\/en\/about-the-nation\/landskap\/\" \/>\n<meta property=\"og:site_name\" content=\"V-Dala nation\" \/>\n<meta property=\"article:publisher\" content=\"https:\/\/www.facebook.com\/VDala\/\" \/>\n<meta property=\"article:modified_time\" content=\"2022-11-09T16:58:36+00:00\" \/>\n<meta name=\"twitter:card\" content=\"summary_large_image\" \/>\n<meta name=\"twitter:site\" content=\"@vdala\" \/>\n<meta name=\"twitter:label1\" content=\"Est. reading time\" \/>\n\t<meta name=\"twitter:data1\" content=\"1 minute\" \/>\n<script type=\"application\/ld+json\" class=\"yoast-schema-graph\">{\"@context\":\"https:\/\/schema.org\",\"@graph\":[{\"@type\":\"WebPage\",\"@id\":\"https:\/\/staging.v-dala.se\/en\/about-the-nation\/landskap\/\",\"url\":\"https:\/\/staging.v-dala.se\/en\/about-the-nation\/landskap\/\",\"name\":\"Landskap - V-Dala nation\",\"isPartOf\":{\"@id\":\"https:\/\/staging.v-dala.se\/en\/#website\"},\"datePublished\":\"2014-05-13T10:25:26+00:00\",\"dateModified\":\"2022-11-09T16:58:36+00:00\",\"breadcrumb\":{\"@id\":\"https:\/\/staging.v-dala.se\/en\/about-the-nation\/landskap\/#breadcrumb\"},\"inLanguage\":\"en-US\",\"potentialAction\":[{\"@type\":\"ReadAction\",\"target\":[\"https:\/\/staging.v-dala.se\/en\/about-the-nation\/landskap\/\"]}]},{\"@type\":\"BreadcrumbList\",\"@id\":\"https:\/\/staging.v-dala.se\/en\/about-the-nation\/landskap\/#breadcrumb\",\"itemListElement\":[{\"@type\":\"ListItem\",\"position\":1,\"name\":\"Hem\",\"item\":\"https:\/\/staging.v-dala.se\/en\/\"},{\"@type\":\"ListItem\",\"position\":2,\"name\":\"About the Nation\",\"item\":\"https:\/\/staging.v-dala.se\/en\/about-the-nation\/\"},{\"@type\":\"ListItem\",\"position\":3,\"name\":\"Landskap\"}]},{\"@type\":\"WebSite\",\"@id\":\"https:\/\/staging.v-dala.se\/en\/#website\",\"url\":\"https:\/\/staging.v-dala.se\/en\/\",\"name\":\"V-Dala nation\",\"description\":\"V\u00e4stmanlands-Dala Nation f\u00f6r Studenternas Nytta och N\u00f6je - sedan 1639\",\"potentialAction\":[{\"@type\":\"SearchAction\",\"target\":{\"@type\":\"EntryPoint\",\"urlTemplate\":\"https:\/\/staging.v-dala.se\/en\/?s={search_term_string}\"},\"query-input\":\"required name=search_term_string\"}],\"inLanguage\":\"en-US\"}]}<\/script>\n<!-- \/ Yoast SEO plugin. -->","yoast_head_json":{"title":"Landskap - V-Dala nation","robots":{"index":"noindex","follow":"follow","max-snippet":"max-snippet:-1","max-image-preview":"max-image-preview:large","max-video-preview":"max-video-preview:-1"},"og_locale":"en_US","og_type":"article","og_title":"Landskap - V-Dala nation","og_url":"https:\/\/staging.v-dala.se\/en\/about-the-nation\/landskap\/","og_site_name":"V-Dala nation","article_publisher":"https:\/\/www.facebook.com\/VDala\/","article_modified_time":"2022-11-09T16:58:36+00:00","twitter_card":"summary_large_image","twitter_site":"@vdala","twitter_misc":{"Est. reading time":"1 minute"},"schema":{"@context":"https:\/\/schema.org","@graph":[{"@type":"WebPage","@id":"https:\/\/staging.v-dala.se\/en\/about-the-nation\/landskap\/","url":"https:\/\/staging.v-dala.se\/en\/about-the-nation\/landskap\/","name":"Landskap - V-Dala nation","isPartOf":{"@id":"https:\/\/staging.v-dala.se\/en\/#website"},"datePublished":"2014-05-13T10:25:26+00:00","dateModified":"2022-11-09T16:58:36+00:00","breadcrumb":{"@id":"https:\/\/staging.v-dala.se\/en\/about-the-nation\/landskap\/#breadcrumb"},"inLanguage":"en-US","potentialAction":[{"@type":"ReadAction","target":["https:\/\/staging.v-dala.se\/en\/about-the-nation\/landskap\/"]}]},{"@type":"BreadcrumbList","@id":"https:\/\/staging.v-dala.se\/en\/about-the-nation\/landskap\/#breadcrumb","itemListElement":[{"@type":"ListItem","position":1,"name":"Hem","item":"https:\/\/staging.v-dala.se\/en\/"},{"@type":"ListItem","position":2,"name":"About the Nation","item":"https:\/\/staging.v-dala.se\/en\/about-the-nation\/"},{"@type":"ListItem","position":3,"name":"Landskap"}]},{"@type":"WebSite","@id":"https:\/\/staging.v-dala.se\/en\/#website","url":"https:\/\/staging.v-dala.se\/en\/","name":"V-Dala nation","description":"V\u00e4stmanlands-Dala Nation f\u00f6r Studenternas Nytta och N\u00f6je - sedan 1639","potentialAction":[{"@type":"SearchAction","target":{"@type":"EntryPoint","urlTemplate":"https:\/\/staging.v-dala.se\/en\/?s={search_term_string}"},"query-input":"required name=search_term_string"}],"inLanguage":"en-US"}]}},"_links":{"self":[{"href":"https:\/\/staging.v-dala.se\/en\/wp-json\/wp\/v2\/pages\/1288"}],"collection":[{"href":"https:\/\/staging.v-dala.se\/en\/wp-json\/wp\/v2\/pages"}],"about":[{"href":"https:\/\/staging.v-dala.se\/en\/wp-json\/wp\/v2\/types\/page"}],"author":[{"embeddable":true,"href":"https:\/\/staging.v-dala.se\/en\/wp-json\/wp\/v2\/users\/7"}],"replies":[{"embeddable":true,"href":"https:\/\/staging.v-dala.se\/en\/wp-json\/wp\/v2\/comments?post=1288"}],"version-history":[{"count":8,"href":"https:\/\/staging.v-dala.se\/en\/wp-json\/wp\/v2\/pages\/1288\/revisions"}],"predecessor-version":[{"id":31910,"href":"https:\/\/staging.v-dala.se\/en\/wp-json\/wp\/v2\/pages\/1288\/revisions\/31910"}],"up":[{"embeddable":true,"href":"https:\/\/staging.v-dala.se\/en\/wp-json\/wp\/v2\/pages\/55"}],"wp:attachment":[{"href":"https:\/\/staging.v-dala.se\/en\/wp-json\/wp\/v2\/media?parent=1288"}],"curies":[{"name":"wp","href":"https:\/\/api.w.org\/{rel}","templated":true}]}}