{"id":1635,"date":"2014-06-10T14:12:05","date_gmt":"2014-06-10T12:12:05","guid":{"rendered":"http:\/\/vdala.snowbits.se\/?page_id=1635"},"modified":"2023-09-19T09:45:57","modified_gmt":"2023-09-19T08:45:57","slug":"leaving-the-nation","status":"publish","type":"page","link":"https:\/\/staging.v-dala.se\/en\/membership\/leaving-the-nation\/","title":{"rendered":"Leaving the Nation"},"content":{"rendered":"<p>To give up you membership, contact the Curators via mail. State your name, membership number and personal number in the message and say that you want to leave the nation. You can also give upp your membership by ignoring to pay the tuition fee, then you will be automatically excluded after a year.<\/p>\n<p>You can also cancel your membership by visiting the Curator&#8217;s office during their opening hours.<\/p>\n<p>If you do not pay the tuition fee you will not get a nation card.<\/p>\n<p>If you are a member of several nations and only want to withdraw from V-Dala you must contact the nation and request withdrawal. Otherwise the debt to V-Dala will affect\u00a0your nation card and membership in other nations. All nation memberships\u00a0are\u00a0interconnected and the nation card is not sent to your home until\u00a0you are\u00a0debt free.<\/p>\n<p>If you only are a member of V-Dala and do not want to have access to the nations anymore you can as stated stop paying your tuition fee. During the first semester there will be a debt to the nation that automatically expires at the end of the term. The debt may prevent you from getting student housing and you will not recive a nation card.<\/p>\n","protected":false},"excerpt":{"rendered":"To give up you membership, contact the Curators via mail. State your name, membership number and personal number in the message and say that you want to leave the nation. You can also give upp your membership by ignoring to pay the tuition fee, then you will be automatically excluded after a year. You can&#8230;","protected":false},"author":29,"featured_media":0,"parent":61,"menu_order":0,"comment_status":"open","ping_status":"open","template":"","meta":{"footnotes":""},"acf":[],"yoast_head":"<!-- This site is optimized with the Yoast SEO plugin v21.4 - https:\/\/yoast.com\/wordpress\/plugins\/seo\/ -->\n<title>Leaving the Nation - V-Dala nation<\/title>\n<meta name=\"robots\" content=\"noindex, follow, max-snippet:-1, max-image-preview:large, max-video-preview:-1\" \/>\n<meta property=\"og:locale\" content=\"en_US\" \/>\n<meta property=\"og:type\" content=\"article\" \/>\n<meta property=\"og:title\" content=\"Leaving the Nation - V-Dala nation\" \/>\n<meta property=\"og:url\" content=\"https:\/\/staging.v-dala.se\/en\/membership\/leaving-the-nation\/\" \/>\n<meta property=\"og:site_name\" content=\"V-Dala nation\" \/>\n<meta property=\"article:publisher\" content=\"https:\/\/www.facebook.com\/VDala\/\" \/>\n<meta property=\"article:modified_time\" content=\"2023-09-19T08:45:57+00:00\" \/>\n<meta name=\"twitter:card\" content=\"summary_large_image\" \/>\n<meta name=\"twitter:site\" content=\"@vdala\" \/>\n<meta name=\"twitter:label1\" content=\"Est. reading time\" \/>\n\t<meta name=\"twitter:data1\" content=\"2 minutes\" \/>\n<script type=\"application\/ld+json\" class=\"yoast-schema-graph\">{\"@context\":\"https:\/\/schema.org\",\"@graph\":[{\"@type\":\"WebPage\",\"@id\":\"https:\/\/staging.v-dala.se\/en\/membership\/leaving-the-nation\/\",\"url\":\"https:\/\/staging.v-dala.se\/en\/membership\/leaving-the-nation\/\",\"name\":\"Leaving the Nation - V-Dala nation\",\"isPartOf\":{\"@id\":\"https:\/\/staging.v-dala.se\/en\/#website\"},\"datePublished\":\"2014-06-10T12:12:05+00:00\",\"dateModified\":\"2023-09-19T08:45:57+00:00\",\"breadcrumb\":{\"@id\":\"https:\/\/staging.v-dala.se\/en\/membership\/leaving-the-nation\/#breadcrumb\"},\"inLanguage\":\"en-US\",\"potentialAction\":[{\"@type\":\"ReadAction\",\"target\":[\"https:\/\/staging.v-dala.se\/en\/membership\/leaving-the-nation\/\"]}]},{\"@type\":\"BreadcrumbList\",\"@id\":\"https:\/\/staging.v-dala.se\/en\/membership\/leaving-the-nation\/#breadcrumb\",\"itemListElement\":[{\"@type\":\"ListItem\",\"position\":1,\"name\":\"Hem\",\"item\":\"https:\/\/staging.v-dala.se\/en\/\"},{\"@type\":\"ListItem\",\"position\":2,\"name\":\"Membership\",\"item\":\"https:\/\/staging.v-dala.se\/en\/membership\/\"},{\"@type\":\"ListItem\",\"position\":3,\"name\":\"Leaving the Nation\"}]},{\"@type\":\"WebSite\",\"@id\":\"https:\/\/staging.v-dala.se\/en\/#website\",\"url\":\"https:\/\/staging.v-dala.se\/en\/\",\"name\":\"V-Dala nation\",\"description\":\"V\u00e4stmanlands-Dala Nation f\u00f6r Studenternas Nytta och N\u00f6je - sedan 1639\",\"potentialAction\":[{\"@type\":\"SearchAction\",\"target\":{\"@type\":\"EntryPoint\",\"urlTemplate\":\"https:\/\/staging.v-dala.se\/en\/?s={search_term_string}\"},\"query-input\":\"required name=search_term_string\"}],\"inLanguage\":\"en-US\"}]}<\/script>\n<!-- \/ Yoast SEO plugin. -->","yoast_head_json":{"title":"Leaving the Nation - V-Dala nation","robots":{"index":"noindex","follow":"follow","max-snippet":"max-snippet:-1","max-image-preview":"max-image-preview:large","max-video-preview":"max-video-preview:-1"},"og_locale":"en_US","og_type":"article","og_title":"Leaving the Nation - V-Dala nation","og_url":"https:\/\/staging.v-dala.se\/en\/membership\/leaving-the-nation\/","og_site_name":"V-Dala nation","article_publisher":"https:\/\/www.facebook.com\/VDala\/","article_modified_time":"2023-09-19T08:45:57+00:00","twitter_card":"summary_large_image","twitter_site":"@vdala","twitter_misc":{"Est. reading time":"2 minutes"},"schema":{"@context":"https:\/\/schema.org","@graph":[{"@type":"WebPage","@id":"https:\/\/staging.v-dala.se\/en\/membership\/leaving-the-nation\/","url":"https:\/\/staging.v-dala.se\/en\/membership\/leaving-the-nation\/","name":"Leaving the Nation - V-Dala nation","isPartOf":{"@id":"https:\/\/staging.v-dala.se\/en\/#website"},"datePublished":"2014-06-10T12:12:05+00:00","dateModified":"2023-09-19T08:45:57+00:00","breadcrumb":{"@id":"https:\/\/staging.v-dala.se\/en\/membership\/leaving-the-nation\/#breadcrumb"},"inLanguage":"en-US","potentialAction":[{"@type":"ReadAction","target":["https:\/\/staging.v-dala.se\/en\/membership\/leaving-the-nation\/"]}]},{"@type":"BreadcrumbList","@id":"https:\/\/staging.v-dala.se\/en\/membership\/leaving-the-nation\/#breadcrumb","itemListElement":[{"@type":"ListItem","position":1,"name":"Hem","item":"https:\/\/staging.v-dala.se\/en\/"},{"@type":"ListItem","position":2,"name":"Membership","item":"https:\/\/staging.v-dala.se\/en\/membership\/"},{"@type":"ListItem","position":3,"name":"Leaving the Nation"}]},{"@type":"WebSite","@id":"https:\/\/staging.v-dala.se\/en\/#website","url":"https:\/\/staging.v-dala.se\/en\/","name":"V-Dala nation","description":"V\u00e4stmanlands-Dala Nation f\u00f6r Studenternas Nytta och N\u00f6je - sedan 1639","potentialAction":[{"@type":"SearchAction","target":{"@type":"EntryPoint","urlTemplate":"https:\/\/staging.v-dala.se\/en\/?s={search_term_string}"},"query-input":"required name=search_term_string"}],"inLanguage":"en-US"}]}},"_links":{"self":[{"href":"https:\/\/staging.v-dala.se\/en\/wp-json\/wp\/v2\/pages\/1635"}],"collection":[{"href":"https:\/\/staging.v-dala.se\/en\/wp-json\/wp\/v2\/pages"}],"about":[{"href":"https:\/\/staging.v-dala.se\/en\/wp-json\/wp\/v2\/types\/page"}],"author":[{"embeddable":true,"href":"https:\/\/staging.v-dala.se\/en\/wp-json\/wp\/v2\/users\/29"}],"replies":[{"embeddable":true,"href":"https:\/\/staging.v-dala.se\/en\/wp-json\/wp\/v2\/comments?post=1635"}],"version-history":[{"count":6,"href":"https:\/\/staging.v-dala.se\/en\/wp-json\/wp\/v2\/pages\/1635\/revisions"}],"predecessor-version":[{"id":34693,"href":"https:\/\/staging.v-dala.se\/en\/wp-json\/wp\/v2\/pages\/1635\/revisions\/34693"}],"up":[{"embeddable":true,"href":"https:\/\/staging.v-dala.se\/en\/wp-json\/wp\/v2\/pages\/61"}],"wp:attachment":[{"href":"https:\/\/staging.v-dala.se\/en\/wp-json\/wp\/v2\/media?parent=1635"}],"curies":[{"name":"wp","href":"https:\/\/api.w.org\/{rel}","templated":true}]}}