{"id":19299,"date":"2019-04-06T14:34:04","date_gmt":"2019-04-06T12:34:04","guid":{"rendered":"http:\/\/www.v-dala.se\/about-the-nation\/trygghet-pa-v-dala\/"},"modified":"2023-03-17T13:36:43","modified_gmt":"2023-03-17T12:36:43","slug":"security-at-v-dala","status":"publish","type":"page","link":"https:\/\/staging.v-dala.se\/en\/about-the-nation\/security-at-v-dala\/","title":{"rendered":"Safety at V-Dala"},"content":{"rendered":"<p>V-Dala should be a safe and sound place for all our members and guests. The nation therefore actively works with preventing lack of security and offensive behaviour by, among other things, the board\u2019s Working Environment and Comfort Committee and the nation\u2019s elected Equality Commissioner. Do you want to know more about this work or are you interested in participating in it? If so, contact the Equality Commissioner, you can find the contacts\u00a0<a href=\"https:\/\/www.v-dala.se\/en\/contacts\/\">here<\/a>. More information may also be found in the nation\u2019s Equality Plan which you can <a href=\"https:\/\/v-dala.se\/en\/about-the-nation\/dokument\/\">download from here.<\/a><\/p>\n<p>Have you have been subjected to offensive treatment or experienced anything else that has made you feel unsafe or caused you discomfort? You can report it by using the form below. The form can be used by members, elected representatives, staff and guests at the nation. You are free to choose whether you want to be anonymous or if you want to be contacted for follow-ups and eventual counter-measures. Kindly note that if you choose to be anonymous you will not be able to receive a follow-up on the matter.<\/p>\n<p>Observe: The form is not monitored around the clock and should therefore not be used for emergency situations, if there is an emergency contact the closest person in charge or call 112. It is not possible to use this form to replace a police report in case you have been exposed or subjected to something criminal.<\/p>\n<p>This function is a part of the nation\u2019s preventive work in against offensive treatment, but is not meant to be used for sending in more general opinions and should not be used for unwarranted personal attacks towards any member, elected representative, staff or other guest at the nation.<\/p>\n<p>Reports submitted through this form are sent to the nation\u2019s Working Environment and Comfort Committee, which is appointed by the Nation\u2019s board. All information is handled confidentially within the committee and is handled in accordance to GDPR.<\/p>\n<p>&nbsp;<\/p>\n<p>&nbsp;<\/p>\n\n<div class=\"wpcf7 no-js\" id=\"wpcf7-f24250-o1\" lang=\"sv-SE\" dir=\"ltr\">\n<div class=\"screen-reader-response\"><p role=\"status\" aria-live=\"polite\" aria-atomic=\"true\"><\/p> <ul><\/ul><\/div>\n<form action=\"\/en\/wp-json\/wp\/v2\/pages\/19299#wpcf7-f24250-o1\" method=\"post\" class=\"wpcf7-form init\" aria-label=\"Kontaktformul\u00e4r\" novalidate=\"novalidate\" data-status=\"init\">\n<div style=\"display: none;\">\n<input type=\"hidden\" name=\"_wpcf7\" value=\"24250\" \/>\n<input type=\"hidden\" name=\"_wpcf7_version\" value=\"5.8.2\" \/>\n<input type=\"hidden\" name=\"_wpcf7_locale\" value=\"sv_SE\" \/>\n<input type=\"hidden\" name=\"_wpcf7_unit_tag\" value=\"wpcf7-f24250-o1\" \/>\n<input type=\"hidden\" name=\"_wpcf7_container_post\" value=\"0\" \/>\n<input type=\"hidden\" name=\"_wpcf7_posted_data_hash\" value=\"\" \/>\n<input type=\"hidden\" name=\"_wpcf7_recaptcha_response\" value=\"\" \/>\n<\/div>\n<hr \/>\n<div style=\"width:100%;\">\n\t<p><label><strong>You name (Optional)<\/strong><br \/>\n<span class=\"wpcf7-form-control-wrap\" data-name=\"namn\"><input size=\"40\" class=\"wpcf7-form-control wpcf7-text wpcf7-validates-as-required\" aria-required=\"true\" aria-invalid=\"false\" value=\"Anonym\" type=\"text\" name=\"namn\" \/><\/span> <\/label><br \/>\n<span id=\"wpcf7-69e0a5bb9347d-wrapper\" class=\"wpcf7-form-control-wrap password-wrap\" style=\"display:none !important; visibility:hidden !important;\"><label for=\"wpcf7-69e0a5bb9347d-field\" class=\"hp-message\">L\u00e4mna detta f\u00e4lt tomt.<\/label><input id=\"wpcf7-69e0a5bb9347d-field\"  class=\"wpcf7-form-control wpcf7-text\" type=\"text\" name=\"password\" value=\"\" size=\"40\" tabindex=\"-1\" autocomplete=\"new-password\" \/><\/span>\n\t<\/p>\n\t<p><label> <strong>Switch to your e-mail for follow-up (Otherwise anonymous)<\/strong><br \/>\n<span class=\"wpcf7-form-control-wrap\" data-name=\"e-post\"><input size=\"40\" class=\"wpcf7-form-control wpcf7-email wpcf7-validates-as-required wpcf7-text wpcf7-validates-as-email\" aria-required=\"true\" aria-invalid=\"false\" value=\"anonym@v-dala.se\" type=\"email\" name=\"e-post\" \/><\/span> <\/label>\n\t<\/p>\n\t<p><label> <strong>Your message<\/strong><br \/>\n<span class=\"wpcf7-form-control-wrap\" data-name=\"meddelande\"><textarea cols=\"40\" rows=\"10\" class=\"wpcf7-form-control wpcf7-textarea\" aria-invalid=\"false\" name=\"meddelande\"><\/textarea><\/span> <\/label>\n\t<\/p>\n\t<p><input class=\"wpcf7-form-control wpcf7-submit has-spinner\" type=\"submit\" value=\"Submit\" \/><br \/>\n<br style=\"clear:both;\" \/>\n\t<\/p>\n<\/div><div class=\"wpcf7-response-output\" aria-hidden=\"true\"><\/div>\n<\/form>\n<\/div>\n\n<p><i><span lang=\"EN-GB\">Please describe if you previously have notified someone at the Nation about the happening, to facilitate our follow-up.<\/span><\/i><\/p>\n","protected":false},"excerpt":{"rendered":"V-Dala should be a safe and sound place for all our members and guests. The nation therefore actively works with preventing lack of security and offensive behaviour by, among other things, the board\u2019s Working Environment and Comfort Committee and the nation\u2019s elected Equality Commissioner. Do you want to know more about this work or are&#8230;","protected":false},"author":7,"featured_media":0,"parent":55,"menu_order":0,"comment_status":"closed","ping_status":"closed","template":"","meta":{"footnotes":""},"acf":[],"yoast_head":"<!-- This site is optimized with the Yoast SEO plugin v21.4 - https:\/\/yoast.com\/wordpress\/plugins\/seo\/ -->\n<title>Safety at V-Dala - V-Dala nation<\/title>\n<meta name=\"robots\" content=\"noindex, follow, max-snippet:-1, max-image-preview:large, max-video-preview:-1\" \/>\n<meta property=\"og:locale\" content=\"en_US\" \/>\n<meta property=\"og:type\" content=\"article\" \/>\n<meta property=\"og:title\" content=\"Safety at V-Dala - V-Dala nation\" \/>\n<meta property=\"og:url\" content=\"https:\/\/staging.v-dala.se\/en\/about-the-nation\/security-at-v-dala\/\" \/>\n<meta property=\"og:site_name\" content=\"V-Dala nation\" \/>\n<meta property=\"article:publisher\" content=\"https:\/\/www.facebook.com\/VDala\/\" \/>\n<meta property=\"article:modified_time\" content=\"2023-03-17T12:36:43+00:00\" \/>\n<meta name=\"twitter:card\" content=\"summary_large_image\" \/>\n<meta name=\"twitter:site\" content=\"@vdala\" \/>\n<meta name=\"twitter:label1\" content=\"Est. reading time\" \/>\n\t<meta name=\"twitter:data1\" content=\"2 minutes\" \/>\n<script type=\"application\/ld+json\" class=\"yoast-schema-graph\">{\"@context\":\"https:\/\/schema.org\",\"@graph\":[{\"@type\":\"WebPage\",\"@id\":\"https:\/\/staging.v-dala.se\/en\/about-the-nation\/security-at-v-dala\/\",\"url\":\"https:\/\/staging.v-dala.se\/en\/about-the-nation\/security-at-v-dala\/\",\"name\":\"Safety at V-Dala - V-Dala nation\",\"isPartOf\":{\"@id\":\"https:\/\/staging.v-dala.se\/en\/#website\"},\"datePublished\":\"2019-04-06T12:34:04+00:00\",\"dateModified\":\"2023-03-17T12:36:43+00:00\",\"breadcrumb\":{\"@id\":\"https:\/\/staging.v-dala.se\/en\/about-the-nation\/security-at-v-dala\/#breadcrumb\"},\"inLanguage\":\"en-US\",\"potentialAction\":[{\"@type\":\"ReadAction\",\"target\":[\"https:\/\/staging.v-dala.se\/en\/about-the-nation\/security-at-v-dala\/\"]}]},{\"@type\":\"BreadcrumbList\",\"@id\":\"https:\/\/staging.v-dala.se\/en\/about-the-nation\/security-at-v-dala\/#breadcrumb\",\"itemListElement\":[{\"@type\":\"ListItem\",\"position\":1,\"name\":\"Hem\",\"item\":\"https:\/\/staging.v-dala.se\/en\/\"},{\"@type\":\"ListItem\",\"position\":2,\"name\":\"About the Nation\",\"item\":\"https:\/\/staging.v-dala.se\/en\/about-the-nation\/\"},{\"@type\":\"ListItem\",\"position\":3,\"name\":\"Safety at V-Dala\"}]},{\"@type\":\"WebSite\",\"@id\":\"https:\/\/staging.v-dala.se\/en\/#website\",\"url\":\"https:\/\/staging.v-dala.se\/en\/\",\"name\":\"V-Dala nation\",\"description\":\"V\u00e4stmanlands-Dala Nation f\u00f6r Studenternas Nytta och N\u00f6je - sedan 1639\",\"potentialAction\":[{\"@type\":\"SearchAction\",\"target\":{\"@type\":\"EntryPoint\",\"urlTemplate\":\"https:\/\/staging.v-dala.se\/en\/?s={search_term_string}\"},\"query-input\":\"required name=search_term_string\"}],\"inLanguage\":\"en-US\"}]}<\/script>\n<!-- \/ Yoast SEO plugin. -->","yoast_head_json":{"title":"Safety at V-Dala - V-Dala nation","robots":{"index":"noindex","follow":"follow","max-snippet":"max-snippet:-1","max-image-preview":"max-image-preview:large","max-video-preview":"max-video-preview:-1"},"og_locale":"en_US","og_type":"article","og_title":"Safety at V-Dala - V-Dala nation","og_url":"https:\/\/staging.v-dala.se\/en\/about-the-nation\/security-at-v-dala\/","og_site_name":"V-Dala nation","article_publisher":"https:\/\/www.facebook.com\/VDala\/","article_modified_time":"2023-03-17T12:36:43+00:00","twitter_card":"summary_large_image","twitter_site":"@vdala","twitter_misc":{"Est. reading time":"2 minutes"},"schema":{"@context":"https:\/\/schema.org","@graph":[{"@type":"WebPage","@id":"https:\/\/staging.v-dala.se\/en\/about-the-nation\/security-at-v-dala\/","url":"https:\/\/staging.v-dala.se\/en\/about-the-nation\/security-at-v-dala\/","name":"Safety at V-Dala - V-Dala nation","isPartOf":{"@id":"https:\/\/staging.v-dala.se\/en\/#website"},"datePublished":"2019-04-06T12:34:04+00:00","dateModified":"2023-03-17T12:36:43+00:00","breadcrumb":{"@id":"https:\/\/staging.v-dala.se\/en\/about-the-nation\/security-at-v-dala\/#breadcrumb"},"inLanguage":"en-US","potentialAction":[{"@type":"ReadAction","target":["https:\/\/staging.v-dala.se\/en\/about-the-nation\/security-at-v-dala\/"]}]},{"@type":"BreadcrumbList","@id":"https:\/\/staging.v-dala.se\/en\/about-the-nation\/security-at-v-dala\/#breadcrumb","itemListElement":[{"@type":"ListItem","position":1,"name":"Hem","item":"https:\/\/staging.v-dala.se\/en\/"},{"@type":"ListItem","position":2,"name":"About the Nation","item":"https:\/\/staging.v-dala.se\/en\/about-the-nation\/"},{"@type":"ListItem","position":3,"name":"Safety at V-Dala"}]},{"@type":"WebSite","@id":"https:\/\/staging.v-dala.se\/en\/#website","url":"https:\/\/staging.v-dala.se\/en\/","name":"V-Dala nation","description":"V\u00e4stmanlands-Dala Nation f\u00f6r Studenternas Nytta och N\u00f6je - sedan 1639","potentialAction":[{"@type":"SearchAction","target":{"@type":"EntryPoint","urlTemplate":"https:\/\/staging.v-dala.se\/en\/?s={search_term_string}"},"query-input":"required name=search_term_string"}],"inLanguage":"en-US"}]}},"_links":{"self":[{"href":"https:\/\/staging.v-dala.se\/en\/wp-json\/wp\/v2\/pages\/19299"}],"collection":[{"href":"https:\/\/staging.v-dala.se\/en\/wp-json\/wp\/v2\/pages"}],"about":[{"href":"https:\/\/staging.v-dala.se\/en\/wp-json\/wp\/v2\/types\/page"}],"author":[{"embeddable":true,"href":"https:\/\/staging.v-dala.se\/en\/wp-json\/wp\/v2\/users\/7"}],"replies":[{"embeddable":true,"href":"https:\/\/staging.v-dala.se\/en\/wp-json\/wp\/v2\/comments?post=19299"}],"version-history":[{"count":15,"href":"https:\/\/staging.v-dala.se\/en\/wp-json\/wp\/v2\/pages\/19299\/revisions"}],"predecessor-version":[{"id":33755,"href":"https:\/\/staging.v-dala.se\/en\/wp-json\/wp\/v2\/pages\/19299\/revisions\/33755"}],"up":[{"embeddable":true,"href":"https:\/\/staging.v-dala.se\/en\/wp-json\/wp\/v2\/pages\/55"}],"wp:attachment":[{"href":"https:\/\/staging.v-dala.se\/en\/wp-json\/wp\/v2\/media?parent=19299"}],"curies":[{"name":"wp","href":"https:\/\/api.w.org\/{rel}","templated":true}]}}