{"id":47,"date":"2014-03-14T14:45:52","date_gmt":"2014-03-14T14:45:52","guid":{"rendered":"http:\/\/vdala.four.fantasmo.se\/?page_id=47"},"modified":"2022-11-10T13:37:10","modified_gmt":"2022-11-10T12:37:10","slug":"accommodation","status":"publish","type":"page","link":"https:\/\/staging.v-dala.se\/en\/benefits\/accommodation\/","title":{"rendered":"Accommodation"},"content":{"rendered":"<p>Members of V-Dala Nation are eligible for housing through <a href=\"http:\/\/www.v-dalabostad.se\" target=\"_blank\" rel=\"noopener\">V\u00e4stmanlands-Dala Nation&#8217;s student housing foundation<\/a> (V\u00e4stmanlands-Dala nations studentbost\u00e4ders bostadsstiftelse, &#8220;Stiftelsen&#8221;). To be eligible, you must first become a member of V-Dala Nation and create a profile on <a href=\"http:\/\/www.v-dalabostad.se\" target=\"_blank\" rel=\"noopener\">www.v-dalabostad.se<\/a>, after which you are registered in the queue. One point in the queue is awarded per semester, and certain ways of getting involved in the Nation give extra points. Contact the First Curator if you have any questions regarding functionary posts at the nation.<\/p>\n<p>At the start of each semester, it is customary that a lottery (&#8220;recce-utlottning&#8221;) is conducted to provide a few new arrivals with rooms &#8211; generally in so-called tripletter (shared three bedroom flats).<\/p>\n<p>The Nation owns a total of 1228 rooms and flats.<\/p>\n<p><strong>Nya Triangeln<\/strong> &#8211;\u00a048 rooms<\/p>\n<p><strong>Triangeln<\/strong> &#8211; 63 flats &#8211; 72 tripletter with 13 <span style=\"color: #252525;\">m<\/span><sup style=\"color: #252525;\">2\u00a0<\/sup>rooms &#8211;\u00a092 \u00a0rooms approx. 19 <span style=\"color: #252525;\">m<\/span><sup style=\"color: #252525;\">2<\/sup>\u00a0&#8211;\u00a08 licentiatrum (one bedroom flats)<\/p>\n<p><strong>Svartman<\/strong> &#8211; 38 rooms &#8211; 19 flats<\/p>\n<p><strong>Observatoriet<\/strong> &#8211;\u00a0118 flats<\/p>\n<p><strong>Majklockan<\/strong> &#8211;\u00a0376 flats.<\/p>\n<p><strong>\u00c4ngsklockan &#8211;<\/strong> 14 rooms &#8211; 388 flats<\/p>\n<p>The Housing Foundation has its own office on Svartmangatan 16 (next to the Nation house) and any questions regarding housing should be sent to them.<\/p>\n<p>Contact: <a href=\"mailto:bostad@v-dalabostad.se\"><strong>bostad@v-dalabostad.se<\/strong><\/a><\/p>\n","protected":false},"excerpt":{"rendered":"Members of V-Dala Nation are eligible for housing through V\u00e4stmanlands-Dala Nation&#8217;s student housing foundation (V\u00e4stmanlands-Dala nations studentbost\u00e4ders bostadsstiftelse, &#8220;Stiftelsen&#8221;). To be eligible, you must first become a member of V-Dala Nation and create a profile on www.v-dalabostad.se, after which you are registered in the queue. One point in the queue is awarded per semester, and&#8230;","protected":false},"author":6,"featured_media":0,"parent":1219,"menu_order":0,"comment_status":"closed","ping_status":"closed","template":"","meta":{"footnotes":""},"acf":[],"yoast_head":"<!-- This site is optimized with the Yoast SEO plugin v21.4 - https:\/\/yoast.com\/wordpress\/plugins\/seo\/ -->\n<title>Studentbostad i Uppsala \u2013 Flest l\u00e4genheter &amp; rum - V-Dala nation<\/title>\n<meta name=\"description\" content=\"V-Dala erbjuder v\u00e5ra medlemmar 850 studentbost\u00e4der! Ingen nation har fler korridorsrum och l\u00e4genheter att hyra i Uppsala!\" \/>\n<meta name=\"robots\" content=\"noindex, follow, max-snippet:-1, max-image-preview:large, max-video-preview:-1\" \/>\n<meta property=\"og:locale\" content=\"en_US\" \/>\n<meta property=\"og:type\" content=\"article\" \/>\n<meta property=\"og:title\" content=\"Studentbostad i Uppsala \u2013 Flest l\u00e4genheter &amp; rum - V-Dala nation\" \/>\n<meta property=\"og:description\" content=\"V-Dala erbjuder v\u00e5ra medlemmar 850 studentbost\u00e4der! Ingen nation har fler korridorsrum och l\u00e4genheter att hyra i Uppsala!\" \/>\n<meta property=\"og:url\" content=\"https:\/\/staging.v-dala.se\/formaner\/bostader\/\" \/>\n<meta property=\"og:site_name\" content=\"V-Dala nation\" \/>\n<meta property=\"article:publisher\" content=\"https:\/\/www.facebook.com\/VDala\/\" \/>\n<meta property=\"article:modified_time\" content=\"2022-11-10T12:37:10+00:00\" \/>\n<meta name=\"twitter:card\" content=\"summary_large_image\" \/>\n<meta name=\"twitter:site\" content=\"@vdala\" \/>\n<meta name=\"twitter:label1\" content=\"Est. reading time\" \/>\n\t<meta name=\"twitter:data1\" content=\"1 minute\" \/>\n<script type=\"application\/ld+json\" class=\"yoast-schema-graph\">{\"@context\":\"https:\/\/schema.org\",\"@graph\":[{\"@type\":\"WebPage\",\"@id\":\"https:\/\/staging.v-dala.se\/formaner\/bostader\/\",\"url\":\"https:\/\/staging.v-dala.se\/formaner\/bostader\/\",\"name\":\"Studentbostad i Uppsala \u2013 Flest l\u00e4genheter & rum - V-Dala nation\",\"isPartOf\":{\"@id\":\"https:\/\/staging.v-dala.se\/en\/#website\"},\"datePublished\":\"2014-03-14T14:45:52+00:00\",\"dateModified\":\"2022-11-10T12:37:10+00:00\",\"description\":\"V-Dala erbjuder v\u00e5ra medlemmar 850 studentbost\u00e4der! Ingen nation har fler korridorsrum och l\u00e4genheter att hyra i Uppsala!\",\"breadcrumb\":{\"@id\":\"https:\/\/staging.v-dala.se\/formaner\/bostader\/#breadcrumb\"},\"inLanguage\":\"en-US\",\"potentialAction\":[{\"@type\":\"ReadAction\",\"target\":[\"https:\/\/staging.v-dala.se\/formaner\/bostader\/\"]}]},{\"@type\":\"BreadcrumbList\",\"@id\":\"https:\/\/staging.v-dala.se\/formaner\/bostader\/#breadcrumb\",\"itemListElement\":[{\"@type\":\"ListItem\",\"position\":1,\"name\":\"Hem\",\"item\":\"https:\/\/staging.v-dala.se\/en\/\"},{\"@type\":\"ListItem\",\"position\":2,\"name\":\"Benefits\",\"item\":\"https:\/\/staging.v-dala.se\/en\/benefits\/\"},{\"@type\":\"ListItem\",\"position\":3,\"name\":\"Accommodation\"}]},{\"@type\":\"WebSite\",\"@id\":\"https:\/\/staging.v-dala.se\/en\/#website\",\"url\":\"https:\/\/staging.v-dala.se\/en\/\",\"name\":\"V-Dala nation\",\"description\":\"V\u00e4stmanlands-Dala Nation f\u00f6r Studenternas Nytta och N\u00f6je - sedan 1639\",\"potentialAction\":[{\"@type\":\"SearchAction\",\"target\":{\"@type\":\"EntryPoint\",\"urlTemplate\":\"https:\/\/staging.v-dala.se\/en\/?s={search_term_string}\"},\"query-input\":\"required name=search_term_string\"}],\"inLanguage\":\"en-US\"}]}<\/script>\n<!-- \/ Yoast SEO plugin. -->","yoast_head_json":{"title":"Studentbostad i Uppsala \u2013 Flest l\u00e4genheter & rum - V-Dala nation","description":"V-Dala erbjuder v\u00e5ra medlemmar 850 studentbost\u00e4der! Ingen nation har fler korridorsrum och l\u00e4genheter att hyra i Uppsala!","robots":{"index":"noindex","follow":"follow","max-snippet":"max-snippet:-1","max-image-preview":"max-image-preview:large","max-video-preview":"max-video-preview:-1"},"og_locale":"en_US","og_type":"article","og_title":"Studentbostad i Uppsala \u2013 Flest l\u00e4genheter & rum - V-Dala nation","og_description":"V-Dala erbjuder v\u00e5ra medlemmar 850 studentbost\u00e4der! Ingen nation har fler korridorsrum och l\u00e4genheter att hyra i Uppsala!","og_url":"https:\/\/staging.v-dala.se\/formaner\/bostader\/","og_site_name":"V-Dala nation","article_publisher":"https:\/\/www.facebook.com\/VDala\/","article_modified_time":"2022-11-10T12:37:10+00:00","twitter_card":"summary_large_image","twitter_site":"@vdala","twitter_misc":{"Est. reading time":"1 minute"},"schema":{"@context":"https:\/\/schema.org","@graph":[{"@type":"WebPage","@id":"https:\/\/staging.v-dala.se\/formaner\/bostader\/","url":"https:\/\/staging.v-dala.se\/formaner\/bostader\/","name":"Studentbostad i Uppsala \u2013 Flest l\u00e4genheter & rum - V-Dala nation","isPartOf":{"@id":"https:\/\/staging.v-dala.se\/en\/#website"},"datePublished":"2014-03-14T14:45:52+00:00","dateModified":"2022-11-10T12:37:10+00:00","description":"V-Dala erbjuder v\u00e5ra medlemmar 850 studentbost\u00e4der! Ingen nation har fler korridorsrum och l\u00e4genheter att hyra i Uppsala!","breadcrumb":{"@id":"https:\/\/staging.v-dala.se\/formaner\/bostader\/#breadcrumb"},"inLanguage":"en-US","potentialAction":[{"@type":"ReadAction","target":["https:\/\/staging.v-dala.se\/formaner\/bostader\/"]}]},{"@type":"BreadcrumbList","@id":"https:\/\/staging.v-dala.se\/formaner\/bostader\/#breadcrumb","itemListElement":[{"@type":"ListItem","position":1,"name":"Hem","item":"https:\/\/staging.v-dala.se\/en\/"},{"@type":"ListItem","position":2,"name":"Benefits","item":"https:\/\/staging.v-dala.se\/en\/benefits\/"},{"@type":"ListItem","position":3,"name":"Accommodation"}]},{"@type":"WebSite","@id":"https:\/\/staging.v-dala.se\/en\/#website","url":"https:\/\/staging.v-dala.se\/en\/","name":"V-Dala nation","description":"V\u00e4stmanlands-Dala Nation f\u00f6r Studenternas Nytta och N\u00f6je - sedan 1639","potentialAction":[{"@type":"SearchAction","target":{"@type":"EntryPoint","urlTemplate":"https:\/\/staging.v-dala.se\/en\/?s={search_term_string}"},"query-input":"required name=search_term_string"}],"inLanguage":"en-US"}]}},"_links":{"self":[{"href":"https:\/\/staging.v-dala.se\/en\/wp-json\/wp\/v2\/pages\/47"}],"collection":[{"href":"https:\/\/staging.v-dala.se\/en\/wp-json\/wp\/v2\/pages"}],"about":[{"href":"https:\/\/staging.v-dala.se\/en\/wp-json\/wp\/v2\/types\/page"}],"author":[{"embeddable":true,"href":"https:\/\/staging.v-dala.se\/en\/wp-json\/wp\/v2\/users\/6"}],"replies":[{"embeddable":true,"href":"https:\/\/staging.v-dala.se\/en\/wp-json\/wp\/v2\/comments?post=47"}],"version-history":[{"count":10,"href":"https:\/\/staging.v-dala.se\/en\/wp-json\/wp\/v2\/pages\/47\/revisions"}],"predecessor-version":[{"id":31931,"href":"https:\/\/staging.v-dala.se\/en\/wp-json\/wp\/v2\/pages\/47\/revisions\/31931"}],"up":[{"embeddable":true,"href":"https:\/\/staging.v-dala.se\/en\/wp-json\/wp\/v2\/pages\/1219"}],"wp:attachment":[{"href":"https:\/\/staging.v-dala.se\/en\/wp-json\/wp\/v2\/media?parent=47"}],"curies":[{"name":"wp","href":"https:\/\/api.w.org\/{rel}","templated":true}]}}