{"id":61,"date":"2014-03-14T14:47:17","date_gmt":"2014-03-14T14:47:17","guid":{"rendered":"http:\/\/vdala.four.fantasmo.se\/?page_id=61"},"modified":"2022-11-09T18:10:17","modified_gmt":"2022-11-09T17:10:17","slug":"membership","status":"publish","type":"page","link":"https:\/\/staging.v-dala.se\/en\/membership\/","title":{"rendered":"Membership"},"content":{"rendered":"<p>The Nation <i>is <\/i>its members. The idea that the nation is an independent entity, a club or a building, is a recent one. Without members, the Nation would not only come to a standstill \u2013 for all intents and purposes, it would not exist.<\/p>\n<p>Currently, V\u00e4stmanlands-Dala nation counts around 6,000 people as its members, 99% of whom are active members and students and 1% honorary members.<\/p>\n<p>To be able to enroll in the nation you need to be admitted to a course or program at Uppsala University. You can join the nation by visiting the nation house during office hours or during the registration weeks or by visiting the website <a href=\"http:\/\/uppsalastudent.com\">uppsalastudent.com.<\/a><\/p>\n<p>If you join the nation online your nation card will not be sent to you automatically and the card won&#8217;t show up in your app (se below). You need to visit the nation during office hours so we can authorize you in the system.<\/p>\n<p>If you register and pay your membership fee at the nation you will get a temporary nation card that is valid for a month.<\/p>\n<p>Both alumnus members and full paying members can get the nation card digitally in the app STUK. If you&#8217;d like a physical card, you can order one from the STUK-webside.<\/p>\n<p>The semester fee is 330 SEK and you can pay both with credit cards and Swish.<\/p>\n","protected":false},"excerpt":{"rendered":"The Nation is its members. The idea that the nation is an independent entity, a club or a building, is a recent one. Without members, the Nation would not only come to a standstill \u2013 for all intents and purposes, it would not exist. Currently, V\u00e4stmanlands-Dala nation counts around 6,000 people as its members, 99%&#8230;","protected":false},"author":6,"featured_media":0,"parent":0,"menu_order":0,"comment_status":"open","ping_status":"closed","template":"","meta":{"footnotes":""},"acf":[],"yoast_head":"<!-- This site is optimized with the Yoast SEO plugin v21.4 - https:\/\/yoast.com\/wordpress\/plugins\/seo\/ -->\n<title>Membership - V-Dala nation<\/title>\n<meta name=\"robots\" content=\"noindex, follow, max-snippet:-1, max-image-preview:large, max-video-preview:-1\" \/>\n<meta property=\"og:locale\" content=\"en_US\" \/>\n<meta property=\"og:type\" content=\"article\" \/>\n<meta property=\"og:title\" content=\"Membership - V-Dala nation\" \/>\n<meta property=\"og:url\" content=\"https:\/\/staging.v-dala.se\/en\/membership\/\" \/>\n<meta property=\"og:site_name\" content=\"V-Dala nation\" \/>\n<meta property=\"article:publisher\" content=\"https:\/\/www.facebook.com\/VDala\/\" \/>\n<meta property=\"article:modified_time\" content=\"2022-11-09T17:10:17+00:00\" \/>\n<meta name=\"twitter:card\" content=\"summary_large_image\" \/>\n<meta name=\"twitter:site\" content=\"@vdala\" \/>\n<meta name=\"twitter:label1\" content=\"Est. reading time\" \/>\n\t<meta name=\"twitter:data1\" content=\"2 minutes\" \/>\n<script type=\"application\/ld+json\" class=\"yoast-schema-graph\">{\"@context\":\"https:\/\/schema.org\",\"@graph\":[{\"@type\":\"WebPage\",\"@id\":\"https:\/\/staging.v-dala.se\/en\/membership\/\",\"url\":\"https:\/\/staging.v-dala.se\/en\/membership\/\",\"name\":\"Membership - V-Dala nation\",\"isPartOf\":{\"@id\":\"https:\/\/staging.v-dala.se\/en\/#website\"},\"datePublished\":\"2014-03-14T14:47:17+00:00\",\"dateModified\":\"2022-11-09T17:10:17+00:00\",\"breadcrumb\":{\"@id\":\"https:\/\/staging.v-dala.se\/en\/membership\/#breadcrumb\"},\"inLanguage\":\"en-US\",\"potentialAction\":[{\"@type\":\"ReadAction\",\"target\":[\"https:\/\/staging.v-dala.se\/en\/membership\/\"]}]},{\"@type\":\"BreadcrumbList\",\"@id\":\"https:\/\/staging.v-dala.se\/en\/membership\/#breadcrumb\",\"itemListElement\":[{\"@type\":\"ListItem\",\"position\":1,\"name\":\"Hem\",\"item\":\"https:\/\/staging.v-dala.se\/en\/\"},{\"@type\":\"ListItem\",\"position\":2,\"name\":\"Membership\"}]},{\"@type\":\"WebSite\",\"@id\":\"https:\/\/staging.v-dala.se\/en\/#website\",\"url\":\"https:\/\/staging.v-dala.se\/en\/\",\"name\":\"V-Dala nation\",\"description\":\"V\u00e4stmanlands-Dala Nation f\u00f6r Studenternas Nytta och N\u00f6je - sedan 1639\",\"potentialAction\":[{\"@type\":\"SearchAction\",\"target\":{\"@type\":\"EntryPoint\",\"urlTemplate\":\"https:\/\/staging.v-dala.se\/en\/?s={search_term_string}\"},\"query-input\":\"required name=search_term_string\"}],\"inLanguage\":\"en-US\"}]}<\/script>\n<!-- \/ Yoast SEO plugin. -->","yoast_head_json":{"title":"Membership - V-Dala nation","robots":{"index":"noindex","follow":"follow","max-snippet":"max-snippet:-1","max-image-preview":"max-image-preview:large","max-video-preview":"max-video-preview:-1"},"og_locale":"en_US","og_type":"article","og_title":"Membership - V-Dala nation","og_url":"https:\/\/staging.v-dala.se\/en\/membership\/","og_site_name":"V-Dala nation","article_publisher":"https:\/\/www.facebook.com\/VDala\/","article_modified_time":"2022-11-09T17:10:17+00:00","twitter_card":"summary_large_image","twitter_site":"@vdala","twitter_misc":{"Est. reading time":"2 minutes"},"schema":{"@context":"https:\/\/schema.org","@graph":[{"@type":"WebPage","@id":"https:\/\/staging.v-dala.se\/en\/membership\/","url":"https:\/\/staging.v-dala.se\/en\/membership\/","name":"Membership - V-Dala nation","isPartOf":{"@id":"https:\/\/staging.v-dala.se\/en\/#website"},"datePublished":"2014-03-14T14:47:17+00:00","dateModified":"2022-11-09T17:10:17+00:00","breadcrumb":{"@id":"https:\/\/staging.v-dala.se\/en\/membership\/#breadcrumb"},"inLanguage":"en-US","potentialAction":[{"@type":"ReadAction","target":["https:\/\/staging.v-dala.se\/en\/membership\/"]}]},{"@type":"BreadcrumbList","@id":"https:\/\/staging.v-dala.se\/en\/membership\/#breadcrumb","itemListElement":[{"@type":"ListItem","position":1,"name":"Hem","item":"https:\/\/staging.v-dala.se\/en\/"},{"@type":"ListItem","position":2,"name":"Membership"}]},{"@type":"WebSite","@id":"https:\/\/staging.v-dala.se\/en\/#website","url":"https:\/\/staging.v-dala.se\/en\/","name":"V-Dala nation","description":"V\u00e4stmanlands-Dala Nation f\u00f6r Studenternas Nytta och N\u00f6je - sedan 1639","potentialAction":[{"@type":"SearchAction","target":{"@type":"EntryPoint","urlTemplate":"https:\/\/staging.v-dala.se\/en\/?s={search_term_string}"},"query-input":"required name=search_term_string"}],"inLanguage":"en-US"}]}},"_links":{"self":[{"href":"https:\/\/staging.v-dala.se\/en\/wp-json\/wp\/v2\/pages\/61"}],"collection":[{"href":"https:\/\/staging.v-dala.se\/en\/wp-json\/wp\/v2\/pages"}],"about":[{"href":"https:\/\/staging.v-dala.se\/en\/wp-json\/wp\/v2\/types\/page"}],"author":[{"embeddable":true,"href":"https:\/\/staging.v-dala.se\/en\/wp-json\/wp\/v2\/users\/6"}],"replies":[{"embeddable":true,"href":"https:\/\/staging.v-dala.se\/en\/wp-json\/wp\/v2\/comments?post=61"}],"version-history":[{"count":13,"href":"https:\/\/staging.v-dala.se\/en\/wp-json\/wp\/v2\/pages\/61\/revisions"}],"predecessor-version":[{"id":31912,"href":"https:\/\/staging.v-dala.se\/en\/wp-json\/wp\/v2\/pages\/61\/revisions\/31912"}],"wp:attachment":[{"href":"https:\/\/staging.v-dala.se\/en\/wp-json\/wp\/v2\/media?parent=61"}],"curies":[{"name":"wp","href":"https:\/\/api.w.org\/{rel}","templated":true}]}}