{"id":744,"date":"2014-03-13T09:24:39","date_gmt":"2014-03-13T09:24:39","guid":{"rendered":"http:\/\/vdala.four.fantasmo.se\/start-2-2\/"},"modified":"2025-11-11T05:17:14","modified_gmt":"2025-11-11T04:17:14","slug":"v-dala-nation","status":"publish","type":"page","link":"https:\/\/staging.v-dala.se\/en\/","title":{"rendered":"V-Dala Nation"},"content":{"rendered":"","protected":false},"excerpt":{"rendered":"","protected":false},"author":7,"featured_media":0,"parent":0,"menu_order":0,"comment_status":"open","ping_status":"open","template":"front-page.php","meta":{"footnotes":""},"acf":[],"yoast_head":"<!-- This site is optimized with the Yoast SEO plugin v21.4 - https:\/\/yoast.com\/wordpress\/plugins\/seo\/ -->\n<title>The student nation with the most accommodation | V-Dala nation<\/title>\n<meta name=\"robots\" content=\"noindex, follow, max-snippet:-1, max-image-preview:large, max-video-preview:-1\" \/>\n<meta property=\"og:locale\" content=\"en_US\" \/>\n<meta property=\"og:type\" content=\"article\" \/>\n<meta property=\"og:title\" content=\"The student nation with the most accommodation | V-Dala nation\" \/>\n<meta property=\"og:url\" content=\"https:\/\/staging.v-dala.se\/en\/\" \/>\n<meta property=\"og:site_name\" content=\"V-Dala nation\" \/>\n<meta property=\"article:publisher\" content=\"https:\/\/www.facebook.com\/VDala\/\" \/>\n<meta property=\"article:modified_time\" content=\"2025-11-11T04:17:14+00:00\" \/>\n<meta name=\"twitter:card\" content=\"summary_large_image\" \/>\n<meta name=\"twitter:site\" content=\"@vdala\" \/>\n<script type=\"application\/ld+json\" class=\"yoast-schema-graph\">{\"@context\":\"https:\/\/schema.org\",\"@graph\":[{\"@type\":\"WebPage\",\"@id\":\"https:\/\/staging.v-dala.se\/en\/\",\"url\":\"https:\/\/staging.v-dala.se\/en\/\",\"name\":\"The student nation with the most accommodation | V-Dala nation\",\"isPartOf\":{\"@id\":\"https:\/\/staging.v-dala.se\/en\/#website\"},\"datePublished\":\"2014-03-13T09:24:39+00:00\",\"dateModified\":\"2025-11-11T04:17:14+00:00\",\"breadcrumb\":{\"@id\":\"https:\/\/staging.v-dala.se\/en\/#breadcrumb\"},\"inLanguage\":\"en-US\",\"potentialAction\":[{\"@type\":\"ReadAction\",\"target\":[\"https:\/\/staging.v-dala.se\/en\/\"]}]},{\"@type\":\"BreadcrumbList\",\"@id\":\"https:\/\/staging.v-dala.se\/en\/#breadcrumb\",\"itemListElement\":[{\"@type\":\"ListItem\",\"position\":1,\"name\":\"Hem\",\"item\":\"https:\/\/staging.v-dala.se\/en\/\"},{\"@type\":\"ListItem\",\"position\":2,\"name\":\"V-Dala Nation\"}]},{\"@type\":\"WebSite\",\"@id\":\"https:\/\/staging.v-dala.se\/en\/#website\",\"url\":\"https:\/\/staging.v-dala.se\/en\/\",\"name\":\"V-Dala nation\",\"description\":\"V\u00e4stmanlands-Dala Nation f\u00f6r Studenternas Nytta och N\u00f6je - sedan 1639\",\"potentialAction\":[{\"@type\":\"SearchAction\",\"target\":{\"@type\":\"EntryPoint\",\"urlTemplate\":\"https:\/\/staging.v-dala.se\/en\/?s={search_term_string}\"},\"query-input\":\"required name=search_term_string\"}],\"inLanguage\":\"en-US\"}]}<\/script>\n<!-- \/ Yoast SEO plugin. -->","yoast_head_json":{"title":"The student nation with the most accommodation | V-Dala nation","robots":{"index":"noindex","follow":"follow","max-snippet":"max-snippet:-1","max-image-preview":"max-image-preview:large","max-video-preview":"max-video-preview:-1"},"og_locale":"en_US","og_type":"article","og_title":"The student nation with the most accommodation | V-Dala nation","og_url":"https:\/\/staging.v-dala.se\/en\/","og_site_name":"V-Dala nation","article_publisher":"https:\/\/www.facebook.com\/VDala\/","article_modified_time":"2025-11-11T04:17:14+00:00","twitter_card":"summary_large_image","twitter_site":"@vdala","schema":{"@context":"https:\/\/schema.org","@graph":[{"@type":"WebPage","@id":"https:\/\/staging.v-dala.se\/en\/","url":"https:\/\/staging.v-dala.se\/en\/","name":"The student nation with the most accommodation | V-Dala nation","isPartOf":{"@id":"https:\/\/staging.v-dala.se\/en\/#website"},"datePublished":"2014-03-13T09:24:39+00:00","dateModified":"2025-11-11T04:17:14+00:00","breadcrumb":{"@id":"https:\/\/staging.v-dala.se\/en\/#breadcrumb"},"inLanguage":"en-US","potentialAction":[{"@type":"ReadAction","target":["https:\/\/staging.v-dala.se\/en\/"]}]},{"@type":"BreadcrumbList","@id":"https:\/\/staging.v-dala.se\/en\/#breadcrumb","itemListElement":[{"@type":"ListItem","position":1,"name":"Hem","item":"https:\/\/staging.v-dala.se\/en\/"},{"@type":"ListItem","position":2,"name":"V-Dala Nation"}]},{"@type":"WebSite","@id":"https:\/\/staging.v-dala.se\/en\/#website","url":"https:\/\/staging.v-dala.se\/en\/","name":"V-Dala nation","description":"V\u00e4stmanlands-Dala Nation f\u00f6r Studenternas Nytta och N\u00f6je - sedan 1639","potentialAction":[{"@type":"SearchAction","target":{"@type":"EntryPoint","urlTemplate":"https:\/\/staging.v-dala.se\/en\/?s={search_term_string}"},"query-input":"required name=search_term_string"}],"inLanguage":"en-US"}]}},"_links":{"self":[{"href":"https:\/\/staging.v-dala.se\/en\/wp-json\/wp\/v2\/pages\/744"}],"collection":[{"href":"https:\/\/staging.v-dala.se\/en\/wp-json\/wp\/v2\/pages"}],"about":[{"href":"https:\/\/staging.v-dala.se\/en\/wp-json\/wp\/v2\/types\/page"}],"author":[{"embeddable":true,"href":"https:\/\/staging.v-dala.se\/en\/wp-json\/wp\/v2\/users\/7"}],"replies":[{"embeddable":true,"href":"https:\/\/staging.v-dala.se\/en\/wp-json\/wp\/v2\/comments?post=744"}],"version-history":[{"count":58,"href":"https:\/\/staging.v-dala.se\/en\/wp-json\/wp\/v2\/pages\/744\/revisions"}],"predecessor-version":[{"id":35768,"href":"https:\/\/staging.v-dala.se\/en\/wp-json\/wp\/v2\/pages\/744\/revisions\/35768"}],"wp:attachment":[{"href":"https:\/\/staging.v-dala.se\/en\/wp-json\/wp\/v2\/media?parent=744"}],"curies":[{"name":"wp","href":"https:\/\/api.w.org\/{rel}","templated":true}]}}