{"id":756,"date":"2014-03-28T11:46:29","date_gmt":"2014-03-28T11:46:29","guid":{"rendered":"http:\/\/vdala.four.fantasmo.se\/kontakt-2-2\/"},"modified":"2023-07-20T11:24:03","modified_gmt":"2023-07-20T10:24:03","slug":"contacts","status":"publish","type":"page","link":"https:\/\/staging.v-dala.se\/en\/contacts\/","title":{"rendered":"Contact"},"content":{"rendered":"\n<div class=\"wpcf7 no-js\" id=\"wpcf7-f18501-o1\" lang=\"sv-SE\" dir=\"ltr\">\n<div class=\"screen-reader-response\"><p role=\"status\" aria-live=\"polite\" aria-atomic=\"true\"><\/p> <ul><\/ul><\/div>\n<form action=\"\/en\/wp-json\/wp\/v2\/pages\/756#wpcf7-f18501-o1\" method=\"post\" class=\"wpcf7-form init\" aria-label=\"Kontaktformul\u00e4r\" novalidate=\"novalidate\" data-status=\"init\">\n<div style=\"display: none;\">\n<input type=\"hidden\" name=\"_wpcf7\" value=\"18501\" \/>\n<input type=\"hidden\" name=\"_wpcf7_version\" value=\"5.8.2\" \/>\n<input type=\"hidden\" name=\"_wpcf7_locale\" value=\"sv_SE\" \/>\n<input type=\"hidden\" name=\"_wpcf7_unit_tag\" value=\"wpcf7-f18501-o1\" \/>\n<input type=\"hidden\" name=\"_wpcf7_container_post\" value=\"0\" \/>\n<input type=\"hidden\" name=\"_wpcf7_posted_data_hash\" value=\"\" \/>\n<input type=\"hidden\" name=\"_wpcf7_recaptcha_response\" value=\"\" \/>\n<\/div>\n<div class=\"kontaktformul\u00e4r\">\n\t<p><label><span class=\"wpcf7-form-control-wrap\" data-name=\"namn\"><input size=\"40\" class=\"wpcf7-form-control wpcf7-text wpcf7-validates-as-required\" aria-required=\"true\" aria-invalid=\"false\" placeholder=\"Your name*\" value=\"\" type=\"text\" name=\"namn\" \/><\/span> <\/label><label><span class=\"wpcf7-form-control-wrap\" data-name=\"epost\"><input size=\"40\" class=\"wpcf7-form-control wpcf7-email wpcf7-validates-as-required wpcf7-text wpcf7-validates-as-email\" aria-required=\"true\" aria-invalid=\"false\" placeholder=\"Write your email adress*\" value=\"\" type=\"email\" name=\"epost\" \/><\/span><\/label><br \/>\n<label> Choose subject<br \/>\n<span class=\"wpcf7-form-control-wrap\" data-name=\"amne\"><select class=\"wpcf7-form-control wpcf7-select wpcf7-validates-as-required\" aria-required=\"true\" aria-invalid=\"false\" name=\"amne\"><option value=\"\">\u2013 V\u00e4lj ett alternativ \u2013<\/option><option value=\"Accommodation\">Accommodation<\/option><option value=\"Membership\">Membership<\/option><option value=\"Rent V-Dala\">Rent V-Dala<\/option><option value=\"Taket - Rooftop Restaurant\">Taket - Rooftop Restaurant<\/option><option value=\"Book R\u00f6da rummet\">Book R\u00f6da rummet<\/option><option value=\"Apply for a post\">Apply for a post<\/option><option value=\"International activities at V-Dala\">International activities at V-Dala<\/option><option value=\"Sports\">Sports<\/option><option value=\"Work at the nation\">Work at the nation<\/option><option value=\"Salaries\/Economy\">Salaries\/Economy<\/option><option value=\"Library &amp; Reading rooms\">Library &amp; Reading rooms<\/option><option value=\"Other\">Other<\/option><option value=\"Test\">Test<\/option><\/select><\/span><\/label><br \/>\n<label> Message<br \/>\n<span class=\"wpcf7-form-control-wrap\" data-name=\"meddelande\"><textarea cols=\"40\" rows=\"4\" class=\"wpcf7-form-control wpcf7-textarea\" aria-invalid=\"false\" placeholder=\"We will respond as fast as possible.\" name=\"meddelande\"><\/textarea><\/span> <\/label><br \/>\n<span id=\"wpcf7-69e0a6945319d-wrapper\" class=\"wpcf7-form-control-wrap honey-field-wrap\" style=\"display:none !important; visibility:hidden !important;\"><label for=\"honey-field\" class=\"hp-message\">L\u00e4mna detta f\u00e4lt tomt.<\/label><input id=\"honey-field\"  class=\"wpcf7-form-control wpcf7-text\" type=\"text\" name=\"honey-field\" value=\"\" size=\"40\" tabindex=\"-1\" autocomplete=\"new-password\" \/><\/span><br \/>\n<input class=\"wpcf7-form-control wpcf7-submit has-spinner\" type=\"submit\" value=\"Send\" \/>\n\t<\/p>\n<\/div><div class=\"wpcf7-response-output\" aria-hidden=\"true\"><\/div>\n<\/form>\n<\/div>\n\n<div class=\"kontakt-right\"><a href=\"https:\/\/www.v-dala.se\/wp-content\/uploads\/2021\/04\/V-Dala-1-250x179.png\"><img decoding=\"async\" loading=\"lazy\" class=\"alignnone wp-image-26436 cc_cursor\" src=\"https:\/\/www.v-dala.se\/wp-content\/uploads\/2021\/04\/V-Dala-1-250x179.png\" alt=\"\" width=\"208\" height=\"149\" srcset=\"https:\/\/staging.v-dala.se\/wp-content\/uploads\/2021\/04\/V-Dala-1-250x179.png 250w, https:\/\/staging.v-dala.se\/wp-content\/uploads\/2021\/04\/V-Dala-1-300x215.png 300w, https:\/\/staging.v-dala.se\/wp-content\/uploads\/2021\/04\/V-Dala-1-120x86.png 120w, https:\/\/staging.v-dala.se\/wp-content\/uploads\/2021\/04\/V-Dala-1.png 475w\" sizes=\"(max-width: 208px) 100vw, 208px\" \/><\/a><br \/>\nUse the contact form<br \/>\nor find all contact information below.<\/div>\n<p>&nbsp;<\/p>\n","protected":false},"excerpt":{"rendered":"Use the contact form or find all contact information below. &nbsp;","protected":false},"author":6,"featured_media":26436,"parent":0,"menu_order":0,"comment_status":"open","ping_status":"closed","template":"page-contact.php","meta":{"footnotes":""},"acf":[],"yoast_head":"<!-- This site is optimized with the Yoast SEO plugin v21.4 - https:\/\/yoast.com\/wordpress\/plugins\/seo\/ -->\n<title>Contact - V-Dala nation<\/title>\n<meta name=\"robots\" content=\"noindex, follow, max-snippet:-1, max-image-preview:large, max-video-preview:-1\" \/>\n<meta property=\"og:locale\" content=\"en_US\" \/>\n<meta property=\"og:type\" content=\"article\" \/>\n<meta property=\"og:title\" content=\"Contact - V-Dala nation\" \/>\n<meta property=\"og:url\" content=\"https:\/\/staging.v-dala.se\/en\/contacts\/\" \/>\n<meta property=\"og:site_name\" content=\"V-Dala nation\" \/>\n<meta property=\"article:publisher\" content=\"https:\/\/www.facebook.com\/VDala\/\" \/>\n<meta property=\"article:modified_time\" content=\"2023-07-20T10:24:03+00:00\" \/>\n<meta property=\"og:image\" content=\"https:\/\/staging.v-dala.se\/wp-content\/uploads\/2021\/04\/V-Dala-1.png\" \/>\n\t<meta property=\"og:image:width\" content=\"475\" \/>\n\t<meta property=\"og:image:height\" content=\"340\" \/>\n\t<meta property=\"og:image:type\" content=\"image\/png\" \/>\n<meta name=\"twitter:card\" content=\"summary_large_image\" \/>\n<meta name=\"twitter:site\" content=\"@vdala\" \/>\n<meta name=\"twitter:label1\" content=\"Est. reading time\" \/>\n\t<meta name=\"twitter:data1\" content=\"1 minute\" \/>\n<script type=\"application\/ld+json\" class=\"yoast-schema-graph\">{\"@context\":\"https:\/\/schema.org\",\"@graph\":[{\"@type\":\"WebPage\",\"@id\":\"https:\/\/staging.v-dala.se\/en\/contacts\/\",\"url\":\"https:\/\/staging.v-dala.se\/en\/contacts\/\",\"name\":\"Contact - V-Dala nation\",\"isPartOf\":{\"@id\":\"https:\/\/staging.v-dala.se\/en\/#website\"},\"datePublished\":\"2014-03-28T11:46:29+00:00\",\"dateModified\":\"2023-07-20T10:24:03+00:00\",\"breadcrumb\":{\"@id\":\"https:\/\/staging.v-dala.se\/en\/contacts\/#breadcrumb\"},\"inLanguage\":\"en-US\",\"potentialAction\":[{\"@type\":\"ReadAction\",\"target\":[\"https:\/\/staging.v-dala.se\/en\/contacts\/\"]}]},{\"@type\":\"BreadcrumbList\",\"@id\":\"https:\/\/staging.v-dala.se\/en\/contacts\/#breadcrumb\",\"itemListElement\":[{\"@type\":\"ListItem\",\"position\":1,\"name\":\"Hem\",\"item\":\"https:\/\/staging.v-dala.se\/en\/\"},{\"@type\":\"ListItem\",\"position\":2,\"name\":\"Contact\"}]},{\"@type\":\"WebSite\",\"@id\":\"https:\/\/staging.v-dala.se\/en\/#website\",\"url\":\"https:\/\/staging.v-dala.se\/en\/\",\"name\":\"V-Dala nation\",\"description\":\"V\u00e4stmanlands-Dala Nation f\u00f6r Studenternas Nytta och N\u00f6je - sedan 1639\",\"potentialAction\":[{\"@type\":\"SearchAction\",\"target\":{\"@type\":\"EntryPoint\",\"urlTemplate\":\"https:\/\/staging.v-dala.se\/en\/?s={search_term_string}\"},\"query-input\":\"required name=search_term_string\"}],\"inLanguage\":\"en-US\"}]}<\/script>\n<!-- \/ Yoast SEO plugin. -->","yoast_head_json":{"title":"Contact - V-Dala nation","robots":{"index":"noindex","follow":"follow","max-snippet":"max-snippet:-1","max-image-preview":"max-image-preview:large","max-video-preview":"max-video-preview:-1"},"og_locale":"en_US","og_type":"article","og_title":"Contact - V-Dala nation","og_url":"https:\/\/staging.v-dala.se\/en\/contacts\/","og_site_name":"V-Dala nation","article_publisher":"https:\/\/www.facebook.com\/VDala\/","article_modified_time":"2023-07-20T10:24:03+00:00","og_image":[{"width":475,"height":340,"url":"https:\/\/staging.v-dala.se\/wp-content\/uploads\/2021\/04\/V-Dala-1.png","type":"image\/png"}],"twitter_card":"summary_large_image","twitter_site":"@vdala","twitter_misc":{"Est. reading time":"1 minute"},"schema":{"@context":"https:\/\/schema.org","@graph":[{"@type":"WebPage","@id":"https:\/\/staging.v-dala.se\/en\/contacts\/","url":"https:\/\/staging.v-dala.se\/en\/contacts\/","name":"Contact - V-Dala nation","isPartOf":{"@id":"https:\/\/staging.v-dala.se\/en\/#website"},"datePublished":"2014-03-28T11:46:29+00:00","dateModified":"2023-07-20T10:24:03+00:00","breadcrumb":{"@id":"https:\/\/staging.v-dala.se\/en\/contacts\/#breadcrumb"},"inLanguage":"en-US","potentialAction":[{"@type":"ReadAction","target":["https:\/\/staging.v-dala.se\/en\/contacts\/"]}]},{"@type":"BreadcrumbList","@id":"https:\/\/staging.v-dala.se\/en\/contacts\/#breadcrumb","itemListElement":[{"@type":"ListItem","position":1,"name":"Hem","item":"https:\/\/staging.v-dala.se\/en\/"},{"@type":"ListItem","position":2,"name":"Contact"}]},{"@type":"WebSite","@id":"https:\/\/staging.v-dala.se\/en\/#website","url":"https:\/\/staging.v-dala.se\/en\/","name":"V-Dala nation","description":"V\u00e4stmanlands-Dala Nation f\u00f6r Studenternas Nytta och N\u00f6je - sedan 1639","potentialAction":[{"@type":"SearchAction","target":{"@type":"EntryPoint","urlTemplate":"https:\/\/staging.v-dala.se\/en\/?s={search_term_string}"},"query-input":"required name=search_term_string"}],"inLanguage":"en-US"}]}},"_links":{"self":[{"href":"https:\/\/staging.v-dala.se\/en\/wp-json\/wp\/v2\/pages\/756"}],"collection":[{"href":"https:\/\/staging.v-dala.se\/en\/wp-json\/wp\/v2\/pages"}],"about":[{"href":"https:\/\/staging.v-dala.se\/en\/wp-json\/wp\/v2\/types\/page"}],"author":[{"embeddable":true,"href":"https:\/\/staging.v-dala.se\/en\/wp-json\/wp\/v2\/users\/6"}],"replies":[{"embeddable":true,"href":"https:\/\/staging.v-dala.se\/en\/wp-json\/wp\/v2\/comments?post=756"}],"version-history":[{"count":13,"href":"https:\/\/staging.v-dala.se\/en\/wp-json\/wp\/v2\/pages\/756\/revisions"}],"predecessor-version":[{"id":34283,"href":"https:\/\/staging.v-dala.se\/en\/wp-json\/wp\/v2\/pages\/756\/revisions\/34283"}],"wp:featuredmedia":[{"embeddable":true,"href":"https:\/\/staging.v-dala.se\/en\/wp-json\/wp\/v2\/media\/26436"}],"wp:attachment":[{"href":"https:\/\/staging.v-dala.se\/en\/wp-json\/wp\/v2\/media?parent=756"}],"curies":[{"name":"wp","href":"https:\/\/api.w.org\/{rel}","templated":true}]}}